{"id":999,"date":"2019-08-08T17:54:56","date_gmt":"2019-08-08T22:54:56","guid":{"rendered":"https:\/\/caminodelcorazon.church\/web\/?page_id=999"},"modified":"2019-10-25T08:01:09","modified_gmt":"2019-10-25T13:01:09","slug":"consejos-practicos","status":"publish","type":"page","link":"https:\/\/caminodelcorazon.church\/web\/consejos-practicos\/","title":{"rendered":"Consejos Pr\u00e1cticos"},"content":{"rendered":"<p>[et_pb_section fb_built=\u00bb1&#8243; _builder_version=\u00bb4.0.3&#8243; background_image=\u00bbhttps:\/\/caminodelcorazon.church\/web\/wp-content\/uploads\/2019\/08\/intro2.jpg\u00bb background_last_edited=\u00bbon|phone\u00bb hover_enabled=\u00bb0&#8243; background_image_phone=\u00bbhttps:\/\/caminodelcorazon.church\/web\/wp-content\/uploads\/2019\/10\/chica.jpg\u00bb background_enable_image_phone=\u00bbon\u00bb background_position=\u00bbtop_left\u00bb custom_padding=\u00bb25px|||||\u00bb][et_pb_row _builder_version=\u00bb3.29.3&#8243; custom_padding=\u00bb0px||0px|||\u00bb][et_pb_column type=\u00bb4_4&#8243; _builder_version=\u00bb3.29.3&#8243; custom_padding=\u00bb8px|0px|2px|0px|false|false\u00bb][et_pb_text _builder_version=\u00bb3.29.3&#8243; use_background_color_gradient=\u00bbon\u00bb background_color_gradient_start=\u00bb#e09900&#8243; background_color_gradient_end=\u00bb#ffffff\u00bb background_color_gradient_type=\u00bbradial\u00bb background_image=\u00bbhttps:\/\/caminodelcorazon.church\/web\/wp-content\/uploads\/2019\/10\/Barra-titulos.jpeg\u00bb custom_margin=\u00bb0px|0px|0px|0px|false|false\u00bb custom_padding=\u00bb5px|0px|0px|0px|false|false\u00bb]<\/p>\n<h3 style=\"text-align: center;\"><strong><span>Momento 7. Qu\u00e9 son los Consejos Pr\u00e1cticos\u00a0<\/span><\/strong><\/h3>\n<p>[\/et_pb_text][\/et_pb_column][\/et_pb_row][et_pb_row column_structure=\u00bb2_5,3_5&#8243; _builder_version=\u00bb4.0.3&#8243; custom_padding=\u00bb5px||1px||false|false\u00bb][et_pb_column type=\u00bb2_5&#8243; _builder_version=\u00bb3.26.3&#8243;][et_pb_text _builder_version=\u00bb4.0.3&#8243; custom_padding=\u00bb0px||||false|false\u00bb]<\/p>\n<p style=\"text-align: left;\">En el<span>\u00a0<\/span><span>Momento 7. <strong>Consejos Pr\u00e1cticos<\/strong><\/span><span>\u00a0<\/span>continuar\u00e1s\u00a0<span>escribiendo lo que sientes.<\/span><\/p>\n<p style=\"text-align: left;\">\u200b\u00bfRecuerdas la libreta o diario que te sugerimos en el Momento 6?, bueno, en este Momento la necesitar\u00e1s de nuevo.\u00a0<span>\u200bNo lo olvides:\u00a0<\/span><span>\u00a1Papel y l\u00e1piz en la mano!<\/span><\/p>\n<p>[\/et_pb_text][\/et_pb_column][et_pb_column type=\u00bb3_5&#8243; _builder_version=\u00bb3.26.3&#8243;][et_pb_audio audio=\u00bbhttps:\/\/caminodelcorazon.church\/web\/wp-content\/uploads\/2019\/09\/LIBRO-INTRO_2-AUDIO-9_CONSEJOS-PRACTICOS.mp3&#8243; title=\u00bbConsejos pr\u00e1cticos\u00bb _builder_version=\u00bb3.29.3&#8243;][\/et_pb_audio][\/et_pb_column][\/et_pb_row][et_pb_row column_structure=\u00bb2_5,3_5&#8243; _builder_version=\u00bb3.27.3&#8243; custom_padding=\u00bb12px|||||\u00bb][et_pb_column type=\u00bb2_5&#8243; _builder_version=\u00bb3.27.3&#8243;][\/et_pb_column][et_pb_column type=\u00bb3_5&#8243; _builder_version=\u00bb3.27.3&#8243;][et_pb_text _builder_version=\u00bb3.27.4&#8243;]<\/p>\n<p style=\"text-align: justify;\"><span style=\"font-size: 14px;\"><strong>Consejos para tu libreta o diario<\/strong>:<\/span><\/p>\n<p style=\"text-align: justify;\">Que sea realmente de tu gusto y que te resulte c\u00f3modo para llevar contigo.<\/p>\n<p style=\"text-align: justify;\">Agr\u00e9gale en la primera p\u00e1gina una foto,\u00a0<span>una frase, una estampa que te inspire para el encuentro con el Se\u00f1or.\u00a0<\/span><\/p>\n<p style=\"text-align: justify;\">Podr\u00e1 ser tambi\u00e9n la letra de una canci\u00f3n que te inspire, un poema o una oraci\u00f3n que te recuerde al verla que inicias un momento de <strong>encuentro con tu Creador y Se\u00f1or<\/strong>.<\/p>\n<p>[\/et_pb_text][\/et_pb_column][\/et_pb_row][et_pb_row column_structure=\u00bb1_4,1_4,1_4,1_4&#8243; _builder_version=\u00bb3.29.3&#8243;][et_pb_column type=\u00bb1_4&#8243; _builder_version=\u00bb3.29.3&#8243;][\/et_pb_column][et_pb_column type=\u00bb1_4&#8243; _builder_version=\u00bb3.29.3&#8243;][et_pb_text _builder_version=\u00bb4.0.3&#8243;]<\/p>\n<p style=\"text-align: left;\"><strong>Descarga el material:<\/strong><\/p>\n<p>[\/et_pb_text][\/et_pb_column][et_pb_column type=\u00bb1_4&#8243; _builder_version=\u00bb3.29.3&#8243;][et_pb_button button_url=\u00bbhttps:\/\/caminodelcorazon.church\/web\/wp-content\/uploads\/2019\/09\/DC_LibroIntro2_ConsejosPracticos.pdf\u00bb url_new_window=\u00bbon\u00bb button_text=\u00bbDescargar texto\u00bb button_alignment=\u00bbcenter\u00bb _builder_version=\u00bb3.29.3&#8243; custom_button=\u00bbon\u00bb button_text_size=\u00bb15px\u00bb button_text_color=\u00bb#000000&#8243; button_bg_color=\u00bbrgba(224,153,0,0.7)\u00bb button_border_width=\u00bb0px\u00bb button_border_color=\u00bbrgba(0,0,0,0)\u00bb button_border_radius=\u00bb10px\u00bb button_icon=\u00bb%%210%%\u00bb button_icon_color=\u00bb#000000&#8243; button_icon_placement=\u00bbleft\u00bb custom_margin=\u00bb||9px|||\u00bb animation_style=\u00bbfade\u00bb][\/et_pb_button][et_pb_text _builder_version=\u00bb3.27.4&#8243;]<\/p>\n<p style=\"text-align: center;\"><span>Consejos pr\u00e1cticos<\/span><\/p>\n<p>[\/et_pb_text][\/et_pb_column][et_pb_column type=\u00bb1_4&#8243; _builder_version=\u00bb3.29.3&#8243;][et_pb_button button_url=\u00bbhttps:\/\/caminodelcorazon.church\/web\/wp-content\/uploads\/2019\/09\/LIBRO-INTRO_2-AUDIO-9_CONSEJOS-PRACTICOS.mp3&#8243; url_new_window=\u00bbon\u00bb button_text=\u00bbDescargar audio\u00bb button_alignment=\u00bbcenter\u00bb _builder_version=\u00bb3.29.3&#8243; custom_button=\u00bbon\u00bb button_text_size=\u00bb15px\u00bb button_text_color=\u00bb#000000&#8243; button_bg_color=\u00bbrgba(224,153,0,0.7)\u00bb button_border_width=\u00bb0px\u00bb button_border_color=\u00bbrgba(0,0,0,0)\u00bb button_border_radius=\u00bb10px\u00bb button_icon=\u00bb%%262%%\u00bb button_icon_color=\u00bb#000000&#8243; button_icon_placement=\u00bbleft\u00bb custom_margin=\u00bb||10px|||\u00bb animation_style=\u00bbfade\u00bb][\/et_pb_button][et_pb_text _builder_version=\u00bb3.27.4&#8243;]<\/p>\n<p style=\"text-align: center;\"><span>Consejos pr\u00e1cticos<\/span><\/p>\n<p>[\/et_pb_text][\/et_pb_column][\/et_pb_row][et_pb_row column_structure=\u00bb1_4,3_4&#8243; _builder_version=\u00bb3.26.6&#8243; custom_padding=\u00bb||8px|||\u00bb][et_pb_column type=\u00bb1_4&#8243; _builder_version=\u00bb3.26.6&#8243;][\/et_pb_column][et_pb_column type=\u00bb3_4&#8243; _builder_version=\u00bb3.26.6&#8243;][et_pb_button button_url=\u00bbhttps:\/\/caminodelcorazon.church\/web\/resonancia-afectiva\/\u00bb button_text=\u00bb8 \u00bfQu\u00e9 es Resonancia Afectiva?\u00bb button_alignment=\u00bbcenter\u00bb _builder_version=\u00bb3.29.3&#8243; custom_button=\u00bbon\u00bb button_text_size=\u00bb15px\u00bb button_text_color=\u00bb#ffffff\u00bb button_bg_color=\u00bb#e02b20&#8243; button_border_width=\u00bb0px\u00bb button_border_color=\u00bbrgba(0,0,0,0)\u00bb button_border_radius=\u00bb10px\u00bb button_font=\u00bb|700|||||||\u00bb button_icon=\u00bb%%198%%\u00bb button_on_hover=\u00bboff\u00bb animation_style=\u00bbfade\u00bb][\/et_pb_button][\/et_pb_column][\/et_pb_row][\/et_pb_section][et_pb_section fb_built=\u00bb1&#8243; _builder_version=\u00bb3.29.3&#8243; background_color=\u00bb#000000&#8243; background_enable_image=\u00bboff\u00bb custom_padding=\u00bb24px||5px|||\u00bb background_last_edited=\u00bbon|desktop\u00bb background_enable_image_phone=\u00bboff\u00bb][et_pb_row column_structure=\u00bb1_6,1_6,1_6,1_6,1_6,1_6&#8243; _builder_version=\u00bb3.27.3&#8243; custom_margin=\u00bb-19px|auto||auto||\u00bb custom_padding=\u00bb2px||8px|||\u00bb][et_pb_column type=\u00bb1_6&#8243; _builder_version=\u00bb3.27.3&#8243;][et_pb_button button_url=\u00bbhttps:\/\/caminodelcorazon.church\/web\/introduccion-al-itinerario\/\u00bb button_text=\u00bbIntroductorio\u00bb button_alignment=\u00bbcenter\u00bb _builder_version=\u00bb3.29.3&#8243; custom_button=\u00bbon\u00bb button_text_size=\u00bb15px\u00bb button_text_color=\u00bb#e09900&#8243; button_bg_color=\u00bbrgba(0,0,0,0)\u00bb button_border_width=\u00bb0px\u00bb button_border_color=\u00bbrgba(0,0,0,0)\u00bb button_border_radius=\u00bb10px\u00bb button_icon=\u00bb%%197%%\u00bb button_icon_placement=\u00bbleft\u00bb button_on_hover=\u00bboff\u00bb animation_style=\u00bbfade\u00bb][\/et_pb_button][\/et_pb_column][et_pb_column type=\u00bb1_6&#8243; _builder_version=\u00bb3.27.3&#8243;][et_pb_button button_url=\u00bbhttps:\/\/caminodelcorazon.church\/web\/disposicion-inicial\/\u00bb button_text=\u00bb1 Disposici\u00f3n Inicial\u00bb button_alignment=\u00bbcenter\u00bb _builder_version=\u00bb3.29.3&#8243; custom_button=\u00bbon\u00bb button_text_size=\u00bb15px\u00bb button_text_color=\u00bb#e09900&#8243; button_bg_color=\u00bbrgba(0,0,0,0)\u00bb button_border_width=\u00bb0px\u00bb button_border_color=\u00bbrgba(0,0,0,0)\u00bb button_border_radius=\u00bb10px\u00bb button_use_icon=\u00bboff\u00bb animation_style=\u00bbfade\u00bb][\/et_pb_button][\/et_pb_column][et_pb_column type=\u00bb1_6&#8243; _builder_version=\u00bb3.27.3&#8243;][et_pb_button button_url=\u00bbhttps:\/\/caminodelcorazon.church\/web\/marco-referencial-2\/\u00bb button_text=\u00bb2 Marco Referencial\u00bb button_alignment=\u00bbcenter\u00bb _builder_version=\u00bb3.29.3&#8243; custom_button=\u00bbon\u00bb button_text_size=\u00bb15px\u00bb button_text_color=\u00bb#e09900&#8243; button_bg_color=\u00bbrgba(0,0,0,0)\u00bb button_border_width=\u00bb0px\u00bb button_border_color=\u00bbrgba(0,0,0,0)\u00bb button_border_radius=\u00bb10px\u00bb button_use_icon=\u00bboff\u00bb animation_style=\u00bbfade\u00bb][\/et_pb_button][\/et_pb_column][et_pb_column type=\u00bb1_6&#8243; _builder_version=\u00bb3.27.3&#8243;][et_pb_button button_url=\u00bbhttps:\/\/caminodelcorazon.church\/web\/dinamica-interna-2\/\u00bb button_text=\u00bb3 Din\u00e1mica Interna\u00bb button_alignment=\u00bbcenter\u00bb _builder_version=\u00bb3.29.3&#8243; custom_button=\u00bbon\u00bb button_text_size=\u00bb15px\u00bb button_text_color=\u00bb#e09900&#8243; button_bg_color=\u00bbrgba(0,0,0,0)\u00bb button_border_width=\u00bb0px\u00bb button_border_color=\u00bbrgba(0,0,0,0)\u00bb button_border_radius=\u00bb10px\u00bb button_use_icon=\u00bboff\u00bb animation_style=\u00bbfade\u00bb][\/et_pb_button][\/et_pb_column][et_pb_column type=\u00bb1_6&#8243; _builder_version=\u00bb3.27.3&#8243;][et_pb_button button_url=\u00bbhttps:\/\/caminodelcorazon.church\/web\/ejercicio-espiritual\/\u00bb button_text=\u00bb4 Entrada Espiritual\u00bb button_alignment=\u00bbcenter\u00bb _builder_version=\u00bb3.29.3&#8243; custom_button=\u00bbon\u00bb button_text_size=\u00bb15px\u00bb button_text_color=\u00bb#e09900&#8243; button_bg_color=\u00bbrgba(0,0,0,0)\u00bb button_border_width=\u00bb0px\u00bb button_border_color=\u00bbrgba(0,0,0,0)\u00bb button_border_radius=\u00bb10px\u00bb button_use_icon=\u00bboff\u00bb animation_style=\u00bbfade\u00bb][\/et_pb_button][\/et_pb_column][et_pb_column type=\u00bb1_6&#8243; _builder_version=\u00bb3.27.3&#8243;][et_pb_button button_url=\u00bbhttps:\/\/caminodelcorazon.church\/web\/palabras-del-papa\/\u00bb button_text=\u00bb5 Palabras del Papa\u00bb button_alignment=\u00bbcenter\u00bb _builder_version=\u00bb3.29.3&#8243; custom_button=\u00bbon\u00bb button_text_size=\u00bb15px\u00bb button_text_color=\u00bb#e09900&#8243; button_bg_color=\u00bbrgba(0,0,0,0)\u00bb button_border_width=\u00bb0px\u00bb button_border_color=\u00bbrgba(0,0,0,0)\u00bb button_border_radius=\u00bb10px\u00bb button_use_icon=\u00bboff\u00bb animation_style=\u00bbfade\u00bb][\/et_pb_button][\/et_pb_column][\/et_pb_row][et_pb_row column_structure=\u00bb1_5,1_5,1_5,1_5,1_5&#8243; _builder_version=\u00bb3.27.3&#8243; custom_margin=\u00bb-10px|auto||auto||\u00bb custom_padding=\u00bb0px||0px|||\u00bb][et_pb_column type=\u00bb1_5&#8243; _builder_version=\u00bb3.27.3&#8243;][et_pb_button button_url=\u00bbhttps:\/\/caminodelcorazon.church\/web\/entrada-espiritual\/\u00bb button_text=\u00bb6 Ejercicio Espiritual\u00bb button_alignment=\u00bbcenter\u00bb _builder_version=\u00bb3.29.3&#8243; custom_button=\u00bbon\u00bb button_text_size=\u00bb15px\u00bb button_text_color=\u00bb#e09900&#8243; button_bg_color=\u00bbrgba(0,0,0,0)\u00bb button_border_width=\u00bb0px\u00bb button_border_color=\u00bbrgba(0,0,0,0)\u00bb button_border_radius=\u00bb10px\u00bb button_use_icon=\u00bboff\u00bb animation_style=\u00bbfade\u00bb][\/et_pb_button][\/et_pb_column][et_pb_column type=\u00bb1_5&#8243; _builder_version=\u00bb3.27.3&#8243;][et_pb_button button_text=\u00bb7 Consejos Pr\u00e1cticos\u00bb button_alignment=\u00bbcenter\u00bb _builder_version=\u00bb3.29.3&#8243; custom_button=\u00bbon\u00bb button_text_size=\u00bb15px\u00bb button_text_color=\u00bb#ffffff\u00bb button_bg_color=\u00bbrgba(0,0,0,0)\u00bb button_border_width=\u00bb0px\u00bb button_border_color=\u00bbrgba(0,0,0,0)\u00bb button_border_radius=\u00bb10px\u00bb button_use_icon=\u00bboff\u00bb animation_style=\u00bbfade\u00bb][\/et_pb_button][\/et_pb_column][et_pb_column type=\u00bb1_5&#8243; _builder_version=\u00bb3.27.3&#8243;][et_pb_button button_url=\u00bbhttps:\/\/caminodelcorazon.church\/web\/resonancia-afectiva\/\u00bb button_text=\u00bb8 Resonancia Afectiva\u00bb button_alignment=\u00bbcenter\u00bb _builder_version=\u00bb3.29.3&#8243; custom_button=\u00bbon\u00bb button_text_size=\u00bb15px\u00bb button_text_color=\u00bb#0c71c3&#8243; button_bg_color=\u00bbrgba(0,0,0,0)\u00bb button_border_width=\u00bb0px\u00bb button_border_color=\u00bbrgba(0,0,0,0)\u00bb button_border_radius=\u00bb10px\u00bb button_icon=\u00bb%%198%%\u00bb button_on_hover=\u00bboff\u00bb animation_style=\u00bbfade\u00bb][\/et_pb_button][\/et_pb_column][et_pb_column type=\u00bb1_5&#8243; _builder_version=\u00bb3.27.3&#8243;][\/et_pb_column][et_pb_column type=\u00bb1_5&#8243; _builder_version=\u00bb3.27.3&#8243;][\/et_pb_column][\/et_pb_row][\/et_pb_section]<\/p>\n","protected":false},"excerpt":{"rendered":"<p>Momento 7. Qu\u00e9 son los Consejos Pr\u00e1cticos\u00a0En el\u00a0Momento 7. Consejos Pr\u00e1cticos\u00a0continuar\u00e1s\u00a0escribiendo lo que sientes. \u200b\u00bfRecuerdas la libreta o diario que te sugerimos en el Momento 6?, bueno, en este Momento la necesitar\u00e1s de nuevo.\u00a0\u200bNo lo olvides:\u00a0\u00a1Papel y l\u00e1piz en la mano!Consejos para tu libreta o diario: Que sea realmente de tu gusto y que te [&hellip;]<\/p>\n","protected":false},"author":1,"featured_media":0,"parent":0,"menu_order":0,"comment_status":"closed","ping_status":"closed","template":"","meta":{"_et_pb_use_builder":"on","_et_pb_old_content":"","_et_gb_content_width":"","footnotes":""},"folder":[],"class_list":["post-999","page","type-page","status-publish","hentry"],"_links":{"self":[{"href":"https:\/\/caminodelcorazon.church\/web\/wp-json\/wp\/v2\/pages\/999","targetHints":{"allow":["GET"]}}],"collection":[{"href":"https:\/\/caminodelcorazon.church\/web\/wp-json\/wp\/v2\/pages"}],"about":[{"href":"https:\/\/caminodelcorazon.church\/web\/wp-json\/wp\/v2\/types\/page"}],"author":[{"embeddable":true,"href":"https:\/\/caminodelcorazon.church\/web\/wp-json\/wp\/v2\/users\/1"}],"replies":[{"embeddable":true,"href":"https:\/\/caminodelcorazon.church\/web\/wp-json\/wp\/v2\/comments?post=999"}],"version-history":[{"count":38,"href":"https:\/\/caminodelcorazon.church\/web\/wp-json\/wp\/v2\/pages\/999\/revisions"}],"predecessor-version":[{"id":3755,"href":"https:\/\/caminodelcorazon.church\/web\/wp-json\/wp\/v2\/pages\/999\/revisions\/3755"}],"wp:attachment":[{"href":"https:\/\/caminodelcorazon.church\/web\/wp-json\/wp\/v2\/media?parent=999"}],"wp:term":[{"taxonomy":"folder","embeddable":true,"href":"https:\/\/caminodelcorazon.church\/web\/wp-json\/wp\/v2\/folder?post=999"}],"curies":[{"name":"wp","href":"https:\/\/api.w.org\/{rel}","templated":true}]}}