{"id":989,"date":"2019-08-08T17:33:51","date_gmt":"2019-08-08T22:33:51","guid":{"rendered":"https:\/\/caminodelcorazon.church\/web\/?page_id=989"},"modified":"2019-10-25T07:54:45","modified_gmt":"2019-10-25T12:54:45","slug":"entrada-espiritual","status":"publish","type":"page","link":"https:\/\/caminodelcorazon.church\/web\/entrada-espiritual\/","title":{"rendered":"Entrada Espiritual"},"content":{"rendered":"<p>[et_pb_section fb_built=\u00bb1&#8243; _builder_version=\u00bb4.0.3&#8243; background_image=\u00bbhttps:\/\/caminodelcorazon.church\/web\/wp-content\/uploads\/2019\/08\/intro2.jpg\u00bb background_position=\u00bbtop_left\u00bb custom_padding=\u00bb31px||3px|||\u00bb background_last_edited=\u00bbon|phone\u00bb background_image_phone=\u00bbhttps:\/\/caminodelcorazon.church\/web\/wp-content\/uploads\/2019\/10\/chica.jpg\u00bb background_enable_image_phone=\u00bbon\u00bb][et_pb_row _builder_version=\u00bb3.29.3&#8243; custom_padding=\u00bb0px||0px|||\u00bb][et_pb_column type=\u00bb4_4&#8243; _builder_version=\u00bb3.29.3&#8243; custom_padding=\u00bb8px|0px|2px|0px|false|false\u00bb][et_pb_text _builder_version=\u00bb3.29.3&#8243; background_color=\u00bb#e09900&#8243; background_enable_color=\u00bboff\u00bb use_background_color_gradient=\u00bbon\u00bb background_color_gradient_start=\u00bb#e09900&#8243; background_color_gradient_end=\u00bb#ffffff\u00bb background_color_gradient_type=\u00bbradial\u00bb background_image=\u00bbhttps:\/\/caminodelcorazon.church\/web\/wp-content\/uploads\/2019\/10\/Barra-titulos.jpeg\u00bb custom_margin=\u00bb0px|0px|0px|0px|false|false\u00bb custom_padding=\u00bb5px|0px|0px|0px|false|false\u00bb]<\/p>\n<h3 style=\"text-align: center;\"><strong><span>Momento 6. Qu\u00e9 es el Ejercicio Espiritual<\/span><\/strong><\/h3>\n<p>[\/et_pb_text][\/et_pb_column][\/et_pb_row][et_pb_row column_structure=\u00bb1_4,3_4&#8243; _builder_version=\u00bb4.0.3&#8243; custom_padding=\u00bb5px||0px||false|false\u00bb hover_enabled=\u00bb0&#8243;][et_pb_column type=\u00bb1_4&#8243; _builder_version=\u00bb4.0.3&#8243; hover_enabled=\u00bb0&#8243;][et_pb_text _builder_version=\u00bb4.0.3&#8243; custom_padding=\u00bb0px||||false|false\u00bb hover_enabled=\u00bb0&#8243;]<\/p>\n<p><span>En el Momento 6. <strong>Ejercicio Espiritual<\/strong><\/span><span>\u00a0<\/span>recibir\u00e1s las instrucciones para hacer la relectura espiritual. Es un momento esencial. Escuchar\u00e1s lo que vives y aprender\u00e1s sobre ti con la ayuda del Se\u00f1or.<\/p>\n<p>Har\u00e1s un examen de tu vida. Ten a mano una libreta o diario, es muy necesario.<\/p>\n<p>[\/et_pb_text][\/et_pb_column][et_pb_column type=\u00bb3_4&#8243; _builder_version=\u00bb3.26.3&#8243;][et_pb_video src=\u00bbhttps:\/\/caminodelcorazon.church\/web\/wp-content\/uploads\/2019\/08\/Libro_intro_2_video_3.mp4&#8243; image_src=\u00bbhttps:\/\/caminodelcorazon.church\/web\/wp-content\/uploads\/2019\/09\/6.png\u00bb thumbnail_overlay_color=\u00bbrgba(0,0,0,0.6)\u00bb _builder_version=\u00bb3.27.4&#8243;][\/et_pb_video][\/et_pb_column][\/et_pb_row][et_pb_row column_structure=\u00bb1_4,3_4&#8243; _builder_version=\u00bb3.27.3&#8243; custom_padding=\u00bb17px|||||\u00bb][et_pb_column type=\u00bb1_4&#8243; _builder_version=\u00bb3.27.3&#8243;][\/et_pb_column][et_pb_column type=\u00bb3_4&#8243; _builder_version=\u00bb3.27.3&#8243;][et_pb_text _builder_version=\u00bb3.29.3&#8243;]<\/p>\n<p style=\"text-align: left;\">Con el<span>\u00a0<\/span><span>Momento 6. <strong>Ejercicio\u00a0 Espiritual<\/strong><\/span><span>\u00a0<\/span>podr\u00e1s mirar el paso de Dios por tu vida, una relectura de lo que vives. Antes de ver el video\u2026<\/p>\n<p style=\"text-align: left;\">\u200bTen a la mano papel y l\u00e1piz: siempre que se realizan <strong>Ejercicios Espirituales<\/strong> es recomendable ir escribiendo lo que vamos sintiendo, las oraciones, lo que se aclara en nosotros.<\/p>\n<p style=\"text-align: left;\">\u200b\u200bDurante el video\u2026 \u200bRealiza las actividades sugeridas en el video, recuerda, \u00a1ES PERSONAL!<span>\u200b<\/span><\/p>\n<p>[\/et_pb_text][\/et_pb_column][\/et_pb_row][et_pb_row column_structure=\u00bb1_4,1_4,1_4,1_4&#8243; _builder_version=\u00bb3.27.3&#8243;][et_pb_column type=\u00bb1_4&#8243; _builder_version=\u00bb3.27.3&#8243;][\/et_pb_column][et_pb_column type=\u00bb1_4&#8243; _builder_version=\u00bb3.27.3&#8243;][et_pb_text _builder_version=\u00bb4.0.3&#8243;]<\/p>\n<p style=\"text-align: left;\"><strong>Descarga el material:<\/strong><\/p>\n<p>[\/et_pb_text][\/et_pb_column][et_pb_column type=\u00bb1_4&#8243; _builder_version=\u00bb3.27.3&#8243;][et_pb_button button_url=\u00bbhttps:\/\/caminodelcorazon.church\/web\/wp-content\/uploads\/2019\/09\/DC_LibroIntro2_EjercicioEspiritual.pdf\u00bb url_new_window=\u00bbon\u00bb button_text=\u00bbDescargar texto\u00bb button_alignment=\u00bbcenter\u00bb _builder_version=\u00bb3.29.3&#8243; custom_button=\u00bbon\u00bb button_text_size=\u00bb15px\u00bb button_text_color=\u00bb#000000&#8243; button_bg_color=\u00bbrgba(224,153,0,0.7)\u00bb button_border_width=\u00bb0px\u00bb button_border_color=\u00bbrgba(0,0,0,0)\u00bb button_border_radius=\u00bb10px\u00bb button_icon=\u00bb%%210%%\u00bb button_icon_color=\u00bb#000000&#8243; button_icon_placement=\u00bbleft\u00bb custom_margin=\u00bb||6px|||\u00bb animation_style=\u00bbfade\u00bb][\/et_pb_button][et_pb_text _builder_version=\u00bb3.29.3&#8243;]<\/p>\n<p style=\"text-align: center;\">Ejercicio Espiritual<\/p>\n<p>[\/et_pb_text][\/et_pb_column][et_pb_column type=\u00bb1_4&#8243; _builder_version=\u00bb3.27.3&#8243;][et_pb_button button_url=\u00bbhttps:\/\/caminodelcorazon.church\/web\/wp-content\/uploads\/2019\/09\/LIBRO-INTRO_2-AUDIO-8_UN-EJERCICIO-PARA-LA-RELECTURA-ESPIRITUAL-DE-LA-VIDA.mp3&#8243; url_new_window=\u00bbon\u00bb button_text=\u00bbDescargar audio\u00bb button_alignment=\u00bbcenter\u00bb _builder_version=\u00bb3.29.3&#8243; custom_button=\u00bbon\u00bb button_text_size=\u00bb15px\u00bb button_text_color=\u00bb#000000&#8243; button_bg_color=\u00bbrgba(224,153,0,0.7)\u00bb button_border_width=\u00bb0px\u00bb button_border_color=\u00bbrgba(0,0,0,0)\u00bb button_border_radius=\u00bb10px\u00bb button_icon=\u00bb%%262%%\u00bb button_icon_color=\u00bb#000000&#8243; button_icon_placement=\u00bbleft\u00bb custom_margin=\u00bb||7px|||\u00bb animation_style=\u00bbfade\u00bb][\/et_pb_button][et_pb_text _builder_version=\u00bb3.29.3&#8243;]<\/p>\n<p style=\"text-align: center;\">Ejercicio Espiritual<\/p>\n<p>[\/et_pb_text][\/et_pb_column][\/et_pb_row][et_pb_row column_structure=\u00bb1_2,1_2&#8243; _builder_version=\u00bb4.0.3&#8243;][et_pb_column type=\u00bb1_2&#8243; _builder_version=\u00bb4.0.3&#8243;][\/et_pb_column][et_pb_column type=\u00bb1_2&#8243; _builder_version=\u00bb4.0.3&#8243;][et_pb_button button_url=\u00bbhttps:\/\/caminodelcorazon.church\/web\/consejos-practicos\/\u00bb button_text=\u00bb7 \u00bfQu\u00e9 son los Consejos Pr\u00e1cticos?\u00bb button_alignment=\u00bbcenter\u00bb _builder_version=\u00bb3.29.3&#8243; custom_button=\u00bbon\u00bb button_text_size=\u00bb15px\u00bb button_text_color=\u00bb#ffffff\u00bb button_bg_color=\u00bb#e02b20&#8243; button_border_width=\u00bb0px\u00bb button_border_color=\u00bbrgba(0,0,0,0)\u00bb button_border_radius=\u00bb10px\u00bb button_font=\u00bb|700|||||||\u00bb button_icon=\u00bb%%198%%\u00bb button_on_hover=\u00bboff\u00bb animation_style=\u00bbfade\u00bb][\/et_pb_button][\/et_pb_column][\/et_pb_row][\/et_pb_section][et_pb_section fb_built=\u00bb1&#8243; _builder_version=\u00bb3.29.3&#8243; background_color=\u00bb#000000&#8243; background_enable_image=\u00bboff\u00bb custom_padding=\u00bb0px||3px|||\u00bb background_last_edited=\u00bbon|desktop\u00bb background_enable_image_phone=\u00bboff\u00bb][et_pb_row column_structure=\u00bb1_6,1_6,1_6,1_6,1_6,1_6&#8243; _builder_version=\u00bb3.27.3&#8243; custom_padding=\u00bb6px||4px|||\u00bb][et_pb_column type=\u00bb1_6&#8243; _builder_version=\u00bb3.27.3&#8243;][et_pb_button button_url=\u00bbhttps:\/\/caminodelcorazon.church\/web\/introduccion-al-itinerario\/\u00bb button_text=\u00bbIntroductorio\u00bb button_alignment=\u00bbcenter\u00bb _builder_version=\u00bb3.29.3&#8243; custom_button=\u00bbon\u00bb button_text_size=\u00bb15px\u00bb button_text_color=\u00bb#e09900&#8243; button_bg_color=\u00bbrgba(0,0,0,0)\u00bb button_border_width=\u00bb0px\u00bb button_border_color=\u00bbrgba(0,0,0,0)\u00bb button_border_radius=\u00bb10px\u00bb button_icon=\u00bb%%197%%\u00bb button_icon_placement=\u00bbleft\u00bb button_on_hover=\u00bboff\u00bb animation_style=\u00bbfade\u00bb][\/et_pb_button][\/et_pb_column][et_pb_column type=\u00bb1_6&#8243; _builder_version=\u00bb3.27.3&#8243;][et_pb_button button_url=\u00bbhttps:\/\/caminodelcorazon.church\/web\/disposicion-inicial\/\u00bb button_text=\u00bb1 Disposici\u00f3n Incial\u00bb button_alignment=\u00bbcenter\u00bb _builder_version=\u00bb3.29.3&#8243; custom_button=\u00bbon\u00bb button_text_size=\u00bb15px\u00bb button_text_color=\u00bb#e09900&#8243; button_bg_color=\u00bbrgba(0,0,0,0)\u00bb button_border_width=\u00bb0px\u00bb button_border_color=\u00bbrgba(0,0,0,0)\u00bb button_border_radius=\u00bb10px\u00bb button_use_icon=\u00bboff\u00bb animation_style=\u00bbfade\u00bb][\/et_pb_button][\/et_pb_column][et_pb_column type=\u00bb1_6&#8243; _builder_version=\u00bb3.27.3&#8243;][et_pb_button button_url=\u00bbhttps:\/\/caminodelcorazon.church\/web\/marco-referencial-2\/\u00bb button_text=\u00bb2 Marco Referencial\u00bb button_alignment=\u00bbcenter\u00bb _builder_version=\u00bb3.29.3&#8243; custom_button=\u00bbon\u00bb button_text_size=\u00bb15px\u00bb button_text_color=\u00bb#e09900&#8243; button_bg_color=\u00bbrgba(0,0,0,0)\u00bb button_border_width=\u00bb0px\u00bb button_border_color=\u00bbrgba(0,0,0,0)\u00bb button_border_radius=\u00bb10px\u00bb button_use_icon=\u00bboff\u00bb animation_style=\u00bbfade\u00bb][\/et_pb_button][\/et_pb_column][et_pb_column type=\u00bb1_6&#8243; _builder_version=\u00bb3.27.3&#8243;][et_pb_button button_url=\u00bbhttps:\/\/caminodelcorazon.church\/web\/dinamica-interna-2\/\u00bb button_text=\u00bb3 Din\u00e1mica Interna\u00bb button_alignment=\u00bbcenter\u00bb _builder_version=\u00bb3.29.3&#8243; custom_button=\u00bbon\u00bb button_text_size=\u00bb15px\u00bb button_text_color=\u00bb#e09900&#8243; button_bg_color=\u00bbrgba(0,0,0,0)\u00bb button_border_width=\u00bb0px\u00bb button_border_color=\u00bbrgba(0,0,0,0)\u00bb button_border_radius=\u00bb10px\u00bb button_use_icon=\u00bboff\u00bb animation_style=\u00bbfade\u00bb][\/et_pb_button][\/et_pb_column][et_pb_column type=\u00bb1_6&#8243; _builder_version=\u00bb3.27.3&#8243;][et_pb_button button_url=\u00bbhttps:\/\/caminodelcorazon.church\/web\/ejercicio-espiritual\/\u00bb button_text=\u00bb4 Entrada Espiritual\u00bb button_alignment=\u00bbcenter\u00bb _builder_version=\u00bb3.29.3&#8243; custom_button=\u00bbon\u00bb button_text_size=\u00bb15px\u00bb button_text_color=\u00bb#e09900&#8243; button_bg_color=\u00bbrgba(0,0,0,0)\u00bb button_border_width=\u00bb0px\u00bb button_border_color=\u00bbrgba(0,0,0,0)\u00bb button_border_radius=\u00bb10px\u00bb button_use_icon=\u00bboff\u00bb animation_style=\u00bbfade\u00bb][\/et_pb_button][\/et_pb_column][et_pb_column type=\u00bb1_6&#8243; _builder_version=\u00bb3.27.3&#8243;][et_pb_button button_url=\u00bbhttps:\/\/caminodelcorazon.church\/web\/palabras-del-papa\/\u00bb button_text=\u00bb5 Palabras del Papa\u00bb button_alignment=\u00bbcenter\u00bb _builder_version=\u00bb3.29.3&#8243; custom_button=\u00bbon\u00bb button_text_size=\u00bb15px\u00bb button_text_color=\u00bb#e09900&#8243; button_bg_color=\u00bbrgba(0,0,0,0)\u00bb button_border_width=\u00bb0px\u00bb button_border_color=\u00bbrgba(0,0,0,0)\u00bb button_border_radius=\u00bb10px\u00bb button_use_icon=\u00bboff\u00bb animation_style=\u00bbfade\u00bb][\/et_pb_button][\/et_pb_column][\/et_pb_row][et_pb_row column_structure=\u00bb1_6,1_6,1_6,1_6,1_6,1_6&#8243; _builder_version=\u00bb3.27.3&#8243; custom_padding=\u00bb3px||12px|||\u00bb][et_pb_column type=\u00bb1_6&#8243; _builder_version=\u00bb3.27.3&#8243;][et_pb_button button_text=\u00bb6 Ejercicio Espiritual\u00bb button_alignment=\u00bbcenter\u00bb _builder_version=\u00bb3.29.3&#8243; custom_button=\u00bbon\u00bb button_text_size=\u00bb15px\u00bb button_text_color=\u00bb#ffffff\u00bb button_bg_color=\u00bbrgba(0,0,0,0)\u00bb button_border_width=\u00bb0px\u00bb button_border_color=\u00bbrgba(0,0,0,0)\u00bb button_border_radius=\u00bb10px\u00bb button_use_icon=\u00bboff\u00bb animation_style=\u00bbfade\u00bb][\/et_pb_button][\/et_pb_column][et_pb_column type=\u00bb1_6&#8243; _builder_version=\u00bb3.27.3&#8243;][et_pb_button button_url=\u00bbhttps:\/\/caminodelcorazon.church\/web\/consejos-practicos\/\u00bb button_text=\u00bb7 Consejos Pr\u00e1cticos\u00bb button_alignment=\u00bbcenter\u00bb _builder_version=\u00bb3.29.3&#8243; custom_button=\u00bbon\u00bb button_text_size=\u00bb15px\u00bb button_text_color=\u00bb#0c71c3&#8243; button_bg_color=\u00bbrgba(0,0,0,0)\u00bb button_border_width=\u00bb0px\u00bb button_border_color=\u00bbrgba(0,0,0,0)\u00bb button_border_radius=\u00bb10px\u00bb button_icon=\u00bb%%198%%\u00bb button_on_hover=\u00bboff\u00bb animation_style=\u00bbfade\u00bb][\/et_pb_button][\/et_pb_column][et_pb_column type=\u00bb1_6&#8243; _builder_version=\u00bb3.27.3&#8243;][\/et_pb_column][et_pb_column type=\u00bb1_6&#8243; _builder_version=\u00bb3.27.3&#8243;][\/et_pb_column][et_pb_column type=\u00bb1_6&#8243; _builder_version=\u00bb3.27.3&#8243;][\/et_pb_column][et_pb_column type=\u00bb1_6&#8243; _builder_version=\u00bb3.27.3&#8243;][\/et_pb_column][\/et_pb_row][\/et_pb_section]<\/p>\n","protected":false},"excerpt":{"rendered":"<p>Momento 6. Qu\u00e9 es el Ejercicio EspiritualEn el Momento 6. Ejercicio Espiritual\u00a0recibir\u00e1s las instrucciones para hacer la relectura espiritual. Es un momento esencial. Escuchar\u00e1s lo que vives y aprender\u00e1s sobre ti con la ayuda del Se\u00f1or. Har\u00e1s un examen de tu vida. Ten a mano una libreta o diario, es muy necesario.Con el\u00a0Momento 6. Ejercicio\u00a0 [&hellip;]<\/p>\n","protected":false},"author":1,"featured_media":0,"parent":0,"menu_order":0,"comment_status":"closed","ping_status":"closed","template":"","meta":{"_et_pb_use_builder":"on","_et_pb_old_content":"","_et_gb_content_width":"","footnotes":""},"folder":[],"class_list":["post-989","page","type-page","status-publish","hentry"],"_links":{"self":[{"href":"https:\/\/caminodelcorazon.church\/web\/wp-json\/wp\/v2\/pages\/989","targetHints":{"allow":["GET"]}}],"collection":[{"href":"https:\/\/caminodelcorazon.church\/web\/wp-json\/wp\/v2\/pages"}],"about":[{"href":"https:\/\/caminodelcorazon.church\/web\/wp-json\/wp\/v2\/types\/page"}],"author":[{"embeddable":true,"href":"https:\/\/caminodelcorazon.church\/web\/wp-json\/wp\/v2\/users\/1"}],"replies":[{"embeddable":true,"href":"https:\/\/caminodelcorazon.church\/web\/wp-json\/wp\/v2\/comments?post=989"}],"version-history":[{"count":44,"href":"https:\/\/caminodelcorazon.church\/web\/wp-json\/wp\/v2\/pages\/989\/revisions"}],"predecessor-version":[{"id":3749,"href":"https:\/\/caminodelcorazon.church\/web\/wp-json\/wp\/v2\/pages\/989\/revisions\/3749"}],"wp:attachment":[{"href":"https:\/\/caminodelcorazon.church\/web\/wp-json\/wp\/v2\/media?parent=989"}],"wp:term":[{"taxonomy":"folder","embeddable":true,"href":"https:\/\/caminodelcorazon.church\/web\/wp-json\/wp\/v2\/folder?post=989"}],"curies":[{"name":"wp","href":"https:\/\/api.w.org\/{rel}","templated":true}]}}