{"id":827,"date":"2019-07-25T17:38:53","date_gmt":"2019-07-25T22:38:53","guid":{"rendered":"https:\/\/caminodelcorazon.church\/web\/?page_id=827"},"modified":"2019-10-25T09:11:02","modified_gmt":"2019-10-25T14:11:02","slug":"paso-1","status":"publish","type":"page","link":"https:\/\/caminodelcorazon.church\/web\/paso-1\/","title":{"rendered":"Paso 1"},"content":{"rendered":"<p>[et_pb_section fb_built=\u00bb1&#8243; _builder_version=\u00bb4.0.3&#8243; background_color=\u00bb#ffffff\u00bb background_image=\u00bbhttps:\/\/caminodelcorazon.church\/web\/wp-content\/uploads\/2019\/08\/paso1.jpg\u00bb background_position=\u00bbtop_left\u00bb custom_padding=\u00bb0px||3px|||\u00bb background_last_edited=\u00bbon|phone\u00bb background_enable_image_phone=\u00bboff\u00bb][et_pb_row _builder_version=\u00bb3.29.3&#8243; custom_padding=\u00bb11px||14px|||\u00bb][et_pb_column type=\u00bb4_4&#8243; _builder_version=\u00bb3.29.3&#8243; custom_padding=\u00bb8px|0px|2px|0px|false|false\u00bb][et_pb_text _builder_version=\u00bb3.29.3&#8243; background_enable_color=\u00bboff\u00bb use_background_color_gradient=\u00bbon\u00bb background_color_gradient_start=\u00bb#e09900&#8243; background_color_gradient_end=\u00bb#ffffff\u00bb background_color_gradient_type=\u00bbradial\u00bb background_image=\u00bbhttps:\/\/caminodelcorazon.church\/web\/wp-content\/uploads\/2019\/10\/Barra-titulos.jpeg\u00bb custom_margin=\u00bb3px|3px|3px|3px|false|false\u00bb custom_padding=\u00bb5px|3px|3px|3px|false|false\u00bb]<\/p>\n<h3 style=\"text-align: center;\"><span>\u200b<strong>El Camino del Coraz\u00f3n: Paso 1. En el Principio, El Amor<\/strong><\/span><\/h3>\n<p>[\/et_pb_text][\/et_pb_column][\/et_pb_row][et_pb_row _builder_version=\u00bb3.26.3&#8243; custom_padding=\u00bb25px||0px|||\u00bb][et_pb_column type=\u00bb4_4&#8243; _builder_version=\u00bb3.26.3&#8243;][et_pb_text _builder_version=\u00bb4.0.3&#8243; background_color=\u00bbrgba(0,0,0,0)\u00bb custom_margin=\u00bb-29px|||||\u00bb custom_padding=\u00bb|0px|0px|||\u00bb hover_enabled=\u00bb0&#8243;]<\/p>\n<div id=\"Stage_Txt\" class=\"Stage_Txt_id\">\n<div id=\"Stage_Txt_Text\" class=\"Stage_Txt_Text_id\">\n<p style=\"text-align: left;\"><strong>\u00a1Hola, Caminante!<\/strong><\/p>\n<p style=\"text-align: justify;\"><strong>Recuerda<\/strong><span style=\"font-weight: 400;\"> en cada uno de los 9 momentos encontrar\u00e1s las reflexiones que te guiar\u00e1n en este itinerario para la formaci\u00f3n del coraz\u00f3n del disc\u00edpulo.<\/span><\/p>\n<p><i><span style=\"font-weight: 400;\">Empieza el recorrido con el Momento 1. Esquema Para Orientar este Paso.<\/span><\/i><\/p>\n<div id=\"Stage_Txt\" class=\"Stage_Txt_id\">\n<div id=\"Stage_Txt_Text\" class=\"Stage_Txt_Text_id\">\n<p>&nbsp;<\/p>\n<\/div>\n<\/div>\n<\/div>\n<\/div>\n<p>[\/et_pb_text][\/et_pb_column][\/et_pb_row][\/et_pb_section][et_pb_section fb_built=\u00bb1&#8243; fullwidth=\u00bbon\u00bb _builder_version=\u00bb3.29.3&#8243;][et_pb_fullwidth_image src=\u00bbhttps:\/\/caminodelcorazon.church\/web\/wp-content\/uploads\/2019\/10\/Conoce-los-momentos.jpg\u00bb url=\u00bbhttps:\/\/caminodelcorazon.church\/web\/esquema-para-orientar-este-paso\/\u00bb src_tablet=\u00bb\u00bb src_phone=\u00bbhttps:\/\/caminodelcorazon.church\/web\/wp-content\/uploads\/2019\/10\/Nuevemomentos-01.png\u00bb src_last_edited=\u00bbon|phone\u00bb _builder_version=\u00bb4.0.3&#8243; hover_enabled=\u00bb0&#8243;][\/et_pb_fullwidth_image][\/et_pb_section][et_pb_section fb_built=\u00bb1&#8243; _builder_version=\u00bb3.29.3&#8243; background_color=\u00bb#000000&#8243; custom_padding=\u00bb0px||0px|||\u00bb][et_pb_row _builder_version=\u00bb3.29.3&#8243;][et_pb_column type=\u00bb4_4&#8243; _builder_version=\u00bb3.29.3&#8243;][et_pb_button button_url=\u00bbhttps:\/\/caminodelcorazon.church\/web\/esquema-para-orientar-este-paso\/\u00bb button_text=\u00bb\u00bfQu\u00e9 es el Esquema Para Orientar el Paso?\u00bb button_alignment=\u00bbcenter\u00bb _builder_version=\u00bb3.29.3&#8243; custom_button=\u00bbon\u00bb button_text_size=\u00bb15px\u00bb button_text_color=\u00bb#ffffff\u00bb button_border_width=\u00bb0px\u00bb button_border_radius=\u00bb10px\u00bb button_font=\u00bb|700|||||||\u00bb button_icon=\u00bb%%198%%\u00bb button_on_hover=\u00bboff\u00bb custom_margin=\u00bb-7px||-14px|||\u00bb][\/et_pb_button][\/et_pb_column][\/et_pb_row][\/et_pb_section]<\/p>\n","protected":false},"excerpt":{"rendered":"<p>\u200bEl Camino del Coraz\u00f3n: Paso 1. En el Principio, El Amor \u00a1Hola, Caminante! Recuerda en cada uno de los 9 momentos encontrar\u00e1s las reflexiones que te guiar\u00e1n en este itinerario para la formaci\u00f3n del coraz\u00f3n del disc\u00edpulo. Empieza el recorrido con el Momento 1. Esquema Para Orientar este Paso. &nbsp;<\/p>\n","protected":false},"author":1,"featured_media":0,"parent":0,"menu_order":0,"comment_status":"closed","ping_status":"closed","template":"","meta":{"_et_pb_use_builder":"on","_et_pb_old_content":"","_et_gb_content_width":"","footnotes":""},"folder":[],"class_list":["post-827","page","type-page","status-publish","hentry"],"_links":{"self":[{"href":"https:\/\/caminodelcorazon.church\/web\/wp-json\/wp\/v2\/pages\/827","targetHints":{"allow":["GET"]}}],"collection":[{"href":"https:\/\/caminodelcorazon.church\/web\/wp-json\/wp\/v2\/pages"}],"about":[{"href":"https:\/\/caminodelcorazon.church\/web\/wp-json\/wp\/v2\/types\/page"}],"author":[{"embeddable":true,"href":"https:\/\/caminodelcorazon.church\/web\/wp-json\/wp\/v2\/users\/1"}],"replies":[{"embeddable":true,"href":"https:\/\/caminodelcorazon.church\/web\/wp-json\/wp\/v2\/comments?post=827"}],"version-history":[{"count":50,"href":"https:\/\/caminodelcorazon.church\/web\/wp-json\/wp\/v2\/pages\/827\/revisions"}],"predecessor-version":[{"id":3808,"href":"https:\/\/caminodelcorazon.church\/web\/wp-json\/wp\/v2\/pages\/827\/revisions\/3808"}],"wp:attachment":[{"href":"https:\/\/caminodelcorazon.church\/web\/wp-json\/wp\/v2\/media?parent=827"}],"wp:term":[{"taxonomy":"folder","embeddable":true,"href":"https:\/\/caminodelcorazon.church\/web\/wp-json\/wp\/v2\/folder?post=827"}],"curies":[{"name":"wp","href":"https:\/\/api.w.org\/{rel}","templated":true}]}}