{"id":78,"date":"2019-06-12T01:59:52","date_gmt":"2019-06-12T01:59:52","guid":{"rendered":"https:\/\/caminodelcorazon.church\/web\/?page_id=78"},"modified":"2020-06-24T20:57:07","modified_gmt":"2020-06-25T01:57:07","slug":"inicio","status":"publish","type":"page","link":"https:\/\/caminodelcorazon.church\/web\/inicio\/","title":{"rendered":"Inicio"},"content":{"rendered":"<p>[et_pb_section fb_built=\u00bb1&#8243; fullwidth=\u00bbon\u00bb _builder_version=\u00bb4.0.5&#8243; background_color=\u00bb#000000&#8243;][et_pb_fullwidth_slider _builder_version=\u00bb4.0.5&#8243; background_color=\u00bb#000000&#8243; min_height_tablet=\u00bb\u00bb min_height_phone=\u00bb640px\u00bb min_height_last_edited=\u00bbon|phone\u00bb animation_style=\u00bbfade\u00bb animation_duration=\u00bb3000ms\u00bb auto=\u00bbon\u00bb auto_speed=\u00bb10000&#8243; auto_ignore_hover=\u00bbon\u00bb hover_transition_duration=\u00bb200ms\u00bb hover_enabled=\u00bb0&#8243; background_last_edited=\u00bbon|desktop\u00bb background_enable_color_phone=\u00bboff\u00bb background_image_phone=\u00bbhttps:\/\/caminodelcorazon.church\/web\/wp-content\/uploads\/2019\/10\/Inicio-2-los-nueve-momentos_final.jpg\u00bb background_enable_image_phone=\u00bbon\u00bb][et_pb_slide heading=\u00bb\u00bfQu\u00e9 es el Camino del Coraz\u00f3n?\u00bb use_bg_overlay=\u00bbon\u00bb use_text_overlay=\u00bbon\u00bb admin_title=\u00bbslider 1&#8243; image_tablet=\u00bb\u00bb image_phone=\u00bb\u00bb image_last_edited=\u00bbon|desktop\u00bb _builder_version=\u00bb4.0.5&#8243; header_font=\u00bb|700|||||||\u00bb header_text_align=\u00bbcenter\u00bb background_enable_image=\u00bbon\u00bb hover_enabled=\u00bb0&#8243; background_last_edited=\u00bbon|phone\u00bb background_image_phone=\u00bbhttps:\/\/caminodelcorazon.church\/web\/wp-content\/uploads\/2019\/10\/Inicio-1-El-Papa.jpeg\u00bb background_enable_image_phone=\u00bbon\u00bb background_image=\u00bbhttps:\/\/caminodelcorazon.church\/web\/wp-content\/uploads\/2020\/06\/Pagina-ECC-logo.jpg\u00bb]<\/p>\n<p>El Camino del Coraz\u00f3n es el itinerario espiritual de la Red Mundial de Oraci\u00f3n del Papa que nos conduce a configurar nuestro coraz\u00f3n con el Coraz\u00f3n de Jes\u00fas. Es el itinerario de formaci\u00f3n que nos ayuda a entrar en una misi\u00f3n de compasi\u00f3n por el mundo.<\/p>\n<p>[\/et_pb_slide][et_pb_slide use_bg_overlay=\u00bboff\u00bb use_text_overlay=\u00bboff\u00bb admin_title=\u00bbslider 1&#8243; image_last_edited=\u00bboff|desktop\u00bb _builder_version=\u00bb4.0.5&#8243; header_font=\u00bb|700|||||||\u00bb header_text_align=\u00bbcenter\u00bb background_image=\u00bbhttps:\/\/caminodelcorazon.church\/web\/wp-content\/uploads\/2020\/05\/ECC-pasos-2_01.jpg\u00bb background_enable_image=\u00bbon\u00bb background_last_edited=\u00bbon|phone\u00bb background_enable_color_phone=\u00bboff\u00bb background_image_phone=\u00bbhttps:\/\/caminodelcorazon.church\/web\/wp-content\/uploads\/2019\/10\/Inicio-2-los-nueve-momentos_final-1.jpg\u00bb background_enable_image_phone=\u00bbon\u00bb background_size_phone=\u00bbcontain\u00bb][\/et_pb_slide][et_pb_slide button_text=\u00bbIniciemos el Camino\u00bb button_link=\u00bbhttps:\/\/caminodelcorazon.church\/web\/p0-intro0-el-itinerario\/\u00bb admin_title=\u00bbslider 3&#8243; _builder_version=\u00bb4.0.5&#8243; background_image=\u00bbhttps:\/\/caminodelcorazon.church\/web\/wp-content\/uploads\/2019\/06\/4-1.jpeg\u00bb background_enable_image=\u00bbon\u00bb custom_button=\u00bbon\u00bb button_text_color=\u00bb#ffffff\u00bb button_bg_color=\u00bbrgba(117,167,214,0.7)\u00bb button_border_color=\u00bbrgba(0,0,0,0)\u00bb button_border_radius=\u00bb20px\u00bb button_use_icon=\u00bbon\u00bb button_icon=\u00bb%%32%%\u00bb button_on_hover=\u00bboff\u00bb button_alignment=\u00bbcenter\u00bb button_custom_margin=\u00bb20%||||false|false\u00bb hover_transition_duration=\u00bb50ms\u00bb background_last_edited=\u00bbon|phone\u00bb background_image_phone=\u00bbhttps:\/\/caminodelcorazon.church\/web\/wp-content\/uploads\/2019\/10\/Inicio-3-La-Biblia.jpg\u00bb background_enable_image_phone=\u00bbon\u00bb box_shadow_style_button=\u00bbpreset2&#8243; box_shadow_color_button=\u00bb#0c71c3&#8243;][\/et_pb_slide][\/et_pb_fullwidth_slider][\/et_pb_section]<\/p>\n","protected":false},"excerpt":{"rendered":"<p>El Camino del Coraz\u00f3n es el itinerario espiritual de la Red Mundial de Oraci\u00f3n del Papa que nos conduce a configurar nuestro coraz\u00f3n con el Coraz\u00f3n de Jes\u00fas. Es el itinerario de formaci\u00f3n que nos ayuda a entrar en una misi\u00f3n de compasi\u00f3n por el mundo.<\/p>\n","protected":false},"author":1,"featured_media":0,"parent":0,"menu_order":0,"comment_status":"closed","ping_status":"closed","template":"","meta":{"_et_pb_use_builder":"on","_et_pb_old_content":"","_et_gb_content_width":"","footnotes":""},"folder":[],"class_list":["post-78","page","type-page","status-publish","hentry"],"_links":{"self":[{"href":"https:\/\/caminodelcorazon.church\/web\/wp-json\/wp\/v2\/pages\/78","targetHints":{"allow":["GET"]}}],"collection":[{"href":"https:\/\/caminodelcorazon.church\/web\/wp-json\/wp\/v2\/pages"}],"about":[{"href":"https:\/\/caminodelcorazon.church\/web\/wp-json\/wp\/v2\/types\/page"}],"author":[{"embeddable":true,"href":"https:\/\/caminodelcorazon.church\/web\/wp-json\/wp\/v2\/users\/1"}],"replies":[{"embeddable":true,"href":"https:\/\/caminodelcorazon.church\/web\/wp-json\/wp\/v2\/comments?post=78"}],"version-history":[{"count":165,"href":"https:\/\/caminodelcorazon.church\/web\/wp-json\/wp\/v2\/pages\/78\/revisions"}],"predecessor-version":[{"id":6726,"href":"https:\/\/caminodelcorazon.church\/web\/wp-json\/wp\/v2\/pages\/78\/revisions\/6726"}],"wp:attachment":[{"href":"https:\/\/caminodelcorazon.church\/web\/wp-json\/wp\/v2\/media?parent=78"}],"wp:term":[{"taxonomy":"folder","embeddable":true,"href":"https:\/\/caminodelcorazon.church\/web\/wp-json\/wp\/v2\/folder?post=78"}],"curies":[{"name":"wp","href":"https:\/\/api.w.org\/{rel}","templated":true}]}}