{"id":6110,"date":"2020-05-03T21:34:14","date_gmt":"2020-05-04T02:34:14","guid":{"rendered":"https:\/\/caminodelcorazon.church\/web\/p7-m9-evaluacion-copy\/"},"modified":"2020-06-11T22:46:10","modified_gmt":"2020-06-12T03:46:10","slug":"p7-oracion","status":"publish","type":"page","link":"https:\/\/caminodelcorazon.church\/web\/p7-oracion\/","title":{"rendered":"P7 Oraci\u00f3n"},"content":{"rendered":"<p>[et_pb_section fb_built=\u00bb1&#8243; fullwidth=\u00bbon\u00bb admin_label=\u00bbBarraColores\u00bb module_id=\u00bbBarraColor\u00bb module_class=\u00bbbarra\u00bb _builder_version=\u00bb4.0.5&#8243; background_image=\u00bbhttps:\/\/caminodelcorazon.church\/web\/wp-content\/uploads\/2019\/12\/LineaColores.png\u00bb background_position=\u00bbtop_center\u00bb min_height=\u00bb10px\u00bb height=\u00bb10px\u00bb max_height=\u00bb10px\u00bb][\/et_pb_section][et_pb_section fb_built=\u00bb1&#8243; custom_padding_last_edited=\u00bbon|phone\u00bb module_class=\u00bbp7_fondo cover_fondo\u00bb _builder_version=\u00bb4.0.5&#8243; background_image=\u00bbhttp:\/\/caminodelcorazon.church\/web\/CDC_Files\/Anexos_Generales\/7.jpg\u00bb background_size=\u00bbcontain\u00bb background_position=\u00bbbottom_center\u00bb width=\u00bb100%\u00bb custom_margin=\u00bb|||-5px|false|false\u00bb custom_padding=\u00bb10px|16px|7px||false|false\u00bb custom_padding_tablet=\u00bb\u00bb custom_padding_phone=\u00bb10px|0px|7px|1px|false|false\u00bb background_color_phone=\u00bb#ffffff\u00bb background_last_edited=\u00bbon|desktop\u00bb background_enable_color_phone=\u00bbon\u00bb background_enable_image_phone=\u00bboff\u00bb background_position_tablet=\u00bbbottom_center\u00bb background_position_phone=\u00bbbottom_center\u00bb border_color_all=\u00bbrgba(0,0,0,0)\u00bb border_width_bottom=\u00bb8px\u00bb border_color_bottom=\u00bb#aa0f16&#8243; background__hover_enabled=\u00bboff|desktop\u00bb background_position__hover=\u00bbbottom_center\u00bb][et_pb_row column_structure=\u00bb1_4,1_2,1_4&#8243; _builder_version=\u00bb4.0.5&#8243; background_enable_image=\u00bboff\u00bb background_size=\u00bbinitial\u00bb background_position=\u00bbtop_center\u00bb width=\u00bb100%\u00bb module_alignment=\u00bbcenter\u00bb custom_margin=\u00bb0px||||false|false\u00bb custom_padding=\u00bb0px||0px||false|false\u00bb][et_pb_column type=\u00bb1_4&#8243; _builder_version=\u00bb4.0.5&#8243;][\/et_pb_column][et_pb_column type=\u00bb1_2&#8243; _builder_version=\u00bb4.0.5&#8243;][et_pb_text content_tablet=\u00bb<\/p>\n<h4 style=%22text-align: center;%22>Oraci\u00f3n de Ofrecimiento<\/h4>\n<p>\u00bb content_phone=\u00bb<\/p>\n<h5 style=%22text-align: center;%22>Oraci\u00f3n de Ofrecimiento<\/h5>\n<p>\u00bb content_last_edited=\u00bbon|phone\u00bb admin_label=\u00bbTitulo_p2&#8243; module_class=\u00bbgen_titulo_paso p7_titulo_paso\u00bb _builder_version=\u00bb4.0.5&#8243; text_text_color=\u00bb#ffffff\u00bb background_color=\u00bb#aa0f16&#8243; background_enable_image=\u00bboff\u00bb text_orientation=\u00bbcenter\u00bb custom_margin=\u00bb||||false|false\u00bb custom_margin_tablet=\u00bb\u00bb custom_margin_phone=\u00bb|10px||15px|false|false\u00bb custom_margin_last_edited=\u00bbon|phone\u00bb custom_padding=\u00bb10px|0px|0px|0px|false|false\u00bb border_radii=\u00bbon|10px|10px|10px|10px\u00bb content__hover_enabled=\u00bboff|desktop\u00bb]<\/p>\n<h3 style=\"text-align: center;\">Oraci\u00f3n de Ofrecimiento<\/h3>\n<p>[\/et_pb_text][\/et_pb_column][et_pb_column type=\u00bb1_4&#8243; _builder_version=\u00bb4.0.5&#8243;][\/et_pb_column][\/et_pb_row][et_pb_row _builder_version=\u00bb3.26.3&#8243; custom_padding=\u00bb0px||14px|||\u00bb locked=\u00bboff\u00bb][et_pb_column type=\u00bb4_4&#8243; _builder_version=\u00bb3.26.3&#8243;][et_pb_text module_class=\u00bbgen_texto\u00bb _builder_version=\u00bb4.0.5&#8243; text_font_size=\u00bb15px\u00bb custom_margin=\u00bb20px||||false|false\u00bb custom_padding=\u00bb0px||0px||false|false\u00bb]<\/p>\n<p>Caminante, es tiempo de conversar con Jes\u00fas, escucha y siente tuya la Oraci\u00f3n de Ofrenda, r\u00e9zala y v\u00edvela sin apuros, para que la belleza y la densidad de cada palabra habite en tu coraz\u00f3n.<\/p>\n<p>[\/et_pb_text][\/et_pb_column][\/et_pb_row][et_pb_row _builder_version=\u00bb4.0.5&#8243; width=\u00bb85%\u00bb custom_padding=\u00bb||||false|false\u00bb locked=\u00bboff\u00bb][et_pb_column type=\u00bb4_4&#8243; _builder_version=\u00bb3.27.3&#8243;][et_pb_video src=\u00bbhttps:\/\/caminodelcorazon.church\/web\/CDC_Files\/Anexos_Generales\/Oracion.mp4&#8243; image_src=\u00bbhttps:\/\/caminodelcorazon.church\/web\/CDC_Files\/Anexos_Generales\/PortadaOracion.png\u00bb thumbnail_overlay_color=\u00bbrgba(0,0,0,0.6)\u00bb image_src_last_edited=\u00bboff|desktop\u00bb module_class=\u00bbgen_video\u00bb _builder_version=\u00bb4.0.5&#8243; custom_margin=\u00bb||||false|false\u00bb custom_margin_tablet=\u00bb\u00bb custom_margin_phone=\u00bb\u00bb custom_margin_last_edited=\u00bbon|phone\u00bb custom_padding=\u00bb|15px||14px|false|false\u00bb custom_padding_tablet=\u00bb\u00bb custom_padding_phone=\u00bb|0px||0px|false|false\u00bb custom_padding_last_edited=\u00bbon|phone\u00bb][\/et_pb_video][\/et_pb_column][\/et_pb_row][et_pb_row column_structure=\u00bb3_5,2_5&#8243; _builder_version=\u00bb3.26.3&#8243; custom_padding=\u00bb0px||14px|||\u00bb locked=\u00bboff\u00bb][et_pb_column type=\u00bb3_5&#8243; _builder_version=\u00bb3.26.3&#8243;][et_pb_text module_class=\u00bbgen_texto\u00bb _builder_version=\u00bb4.0.5&#8243; text_font_size=\u00bb15px\u00bb custom_margin=\u00bb20px||||false|false\u00bb custom_padding=\u00bb0px||0px||false|false\u00bb]<\/p>\n<h5 style=\"text-align: center;\"><strong>Reza por los desaf\u00edos de la humanidad y de la misi\u00f3n de la Iglesia con<\/strong><\/h5>\n<h5 style=\"text-align: center;\"><strong>NUESTROS PROYECTOS<\/strong><\/h5>\n<p>[\/et_pb_text][et_pb_text _builder_version=\u00bb4.0.5&#8243; custom_margin=\u00bb-60px||||false|false\u00bb]<\/p>\n<p style=\"text-align: center;\"><a href=\"https:\/\/clicktopray.org\/es\/\" target=\"_blank\" rel=\"noopener noreferrer\"><img decoding=\"async\" src=\"https:\/\/caminodelcorazon.church\/web\/wp-content\/uploads\/2020\/05\/ClickToPray-270x300.png\" width=\"180\" alt=\"\" class=\"wp-image-6665 alignnone size-medium\" srcset=\"https:\/\/caminodelcorazon.church\/web\/wp-content\/uploads\/2020\/05\/ClickToPray-270x300.png 270w, https:\/\/caminodelcorazon.church\/web\/wp-content\/uploads\/2020\/05\/ClickToPray.png 283w\" sizes=\"(max-width: 270px) 100vw, 270px\" \/><\/a>\u00a0\u00a0<a href=\"https:\/\/thepopevideo.org\/acerca-de-el-video-del-papa\/?lang=es\" target=\"_blank\" rel=\"noopener noreferrer\"><img decoding=\"async\" src=\"https:\/\/caminodelcorazon.church\/web\/wp-content\/uploads\/2020\/05\/ElVideoDelPapa-270x300.png\" width=\"200\" alt=\"\" class=\"wp-image-6666 alignnone size-medium\" srcset=\"https:\/\/caminodelcorazon.church\/web\/wp-content\/uploads\/2020\/05\/ElVideoDelPapa-270x300.png 270w, https:\/\/caminodelcorazon.church\/web\/wp-content\/uploads\/2020\/05\/ElVideoDelPapa.png 283w\" sizes=\"(max-width: 270px) 100vw, 270px\" \/><\/a><\/p>\n<p>[\/et_pb_text][et_pb_text module_class=\u00bbgen_texto\u00bb _builder_version=\u00bb4.0.5&#8243; text_font_size=\u00bb15px\u00bb custom_margin=\u00bb-40px||||false|false\u00bb custom_padding=\u00bb0px||0px||false|false\u00bb]<\/p>\n<h5 style=\"text-align: center;\"><strong>Otros recursos para tu Fe<\/strong><\/h5>\n<h5 style=\"text-align: center;\"><strong style=\"font-size: 16px;\">CATECISMO DE LA IGLESIA CAT\u00d3LICA<\/strong><\/h5>\n<p>[\/et_pb_text][et_pb_text _builder_version=\u00bb4.0.5&#8243; custom_margin=\u00bb-50px||||false|false\u00bb]<\/p>\n<p style=\"text-align: center;\"><a href=\"http:\/\/www.vatican.va\/archive\/catechism_sp\/index_sp.html\" target=\"_blank\" rel=\"noopener noreferrer\"><img decoding=\"async\" src=\"https:\/\/caminodelcorazon.church\/web\/wp-content\/uploads\/2020\/05\/IconoRMOP-270x300.png\" width=\"100\" alt=\"\" class=\"wp-image-6667 alignnone size-medium\" srcset=\"https:\/\/caminodelcorazon.church\/web\/wp-content\/uploads\/2020\/05\/IconoRMOP-270x300.png 270w, https:\/\/caminodelcorazon.church\/web\/wp-content\/uploads\/2020\/05\/IconoRMOP.png 283w\" sizes=\"(max-width: 270px) 100vw, 270px\" \/><\/a><a href=\"https:\/\/www.tweetingwithgod.com\/es\" target=\"_blank\" rel=\"noopener noreferrer\"><img decoding=\"async\" src=\"https:\/\/caminodelcorazon.church\/web\/wp-content\/uploads\/2020\/05\/TwGOD-270x300.png\" width=\"100\" alt=\"\" class=\"wp-image-6668 alignnone size-medium\" srcset=\"https:\/\/caminodelcorazon.church\/web\/wp-content\/uploads\/2020\/05\/TwGOD-270x300.png 270w, https:\/\/caminodelcorazon.church\/web\/wp-content\/uploads\/2020\/05\/TwGOD.png 283w\" sizes=\"(max-width: 270px) 100vw, 270px\" \/><\/a><a href=\"http:\/\/www.vatican.va\/archive\/catechism_sp\/index_sp.html\" target=\"_blank\" rel=\"noopener noreferrer\"><\/a><\/p>\n<p>[\/et_pb_text][\/et_pb_column][et_pb_column type=\u00bb2_5&#8243; _builder_version=\u00bb4.0.5&#8243;][et_pb_text _builder_version=\u00bb4.0.5&#8243;]<\/p>\n<p style=\"text-align: center;\"><a href=\"https:\/\/www.popesprayer.va\/es\/\" target=\"_blank\" rel=\"noopener noreferrer\"><img decoding=\"async\" src=\"https:\/\/caminodelcorazon.church\/web\/wp-content\/uploads\/2020\/05\/RMOP-270x300.png\" width=\"350\" alt=\"\" class=\"wp-image-6669 alignnone size-medium\" srcset=\"https:\/\/caminodelcorazon.church\/web\/wp-content\/uploads\/2020\/05\/RMOP-270x300.png 270w, https:\/\/caminodelcorazon.church\/web\/wp-content\/uploads\/2020\/05\/RMOP.png 283w\" sizes=\"(max-width: 270px) 100vw, 270px\" \/><\/a><\/p>\n<p>[\/et_pb_text][\/et_pb_column][\/et_pb_row][et_pb_row _builder_version=\u00bb4.0.5&#8243; background_enable_image=\u00bboff\u00bb background_size=\u00bbinitial\u00bb background_position=\u00bbtop_center\u00bb width=\u00bb100%\u00bb module_alignment=\u00bbcenter\u00bb custom_margin=\u00bb150px||||false|false\u00bb custom_margin_tablet=\u00bb\u00bb custom_margin_phone=\u00bb|||5px|false|false\u00bb custom_margin_last_edited=\u00bbon|phone\u00bb custom_padding=\u00bb40px||0px||false|false\u00bb][et_pb_column type=\u00bb4_4&#8243; _builder_version=\u00bb4.0.5&#8243;][et_pb_button button_url=\u00bbhttps:\/\/caminodelcorazon.church\/web\/p8-m1-esquema-para-orientar-el-paso\/\u00bb button_text=\u00bbPaso 8: Una Misi\u00f3n de Compasi\u00f3n\u00bb button_alignment=\u00bbcenter\u00bb module_class=\u00bbgen_next p7_next\u00bb _builder_version=\u00bb4.0.5&#8243; custom_button=\u00bbon\u00bb button_text_size=\u00bb20px\u00bb button_bg_color=\u00bb#aa0f16&#8243; button_border_width=\u00bb0px\u00bb button_border_radius=\u00bb12px\u00bb button_font=\u00bb|700|||||||\u00bb button_icon=\u00bb%%24%%\u00bb button_on_hover=\u00bboff\u00bb custom_margin=\u00bb0px||-14px||false|false\u00bb custom_padding=\u00bb5px||||false|false\u00bb][\/et_pb_button][\/et_pb_column][\/et_pb_row][\/et_pb_section][et_pb_section fb_built=\u00bb1&#8243; fullwidth=\u00bbon\u00bb _builder_version=\u00bb4.0.5&#8243; background_color=\u00bb#000000&#8243;][et_pb_fullwidth_menu menu_id=\u00bb59&#8243; menu_style=\u00bbcentered\u00bb submenu_direction=\u00bbupwards\u00bb fullwidth_menu=\u00bbon\u00bb menu_icon_color=\u00bb#5C98CE\u00bb module_class=\u00bbp7_menu menu\u00bb _builder_version=\u00bb4.0.5&#8243; menu_font=\u00bb||||||||\u00bb background_color=\u00bb#000000&#8243; background_layout=\u00bbdark\u00bb border_color_all=\u00bb#58aadc\u00bb][\/et_pb_fullwidth_menu][\/et_pb_section]<\/p>\n","protected":false},"excerpt":{"rendered":"<p>Oraci\u00f3n de OfrecimientoCaminante, es tiempo de conversar con Jes\u00fas, escucha y siente tuya la Oraci\u00f3n de Ofrenda, r\u00e9zala y v\u00edvela sin apuros, para que la belleza y la densidad de cada palabra habite en tu coraz\u00f3n.Reza por los desaf\u00edos de la humanidad y de la misi\u00f3n de la Iglesia con NUESTROS PROYECTOS\u00a0\u00a0Otros recursos para tu [&hellip;]<\/p>\n","protected":false},"author":4,"featured_media":0,"parent":0,"menu_order":0,"comment_status":"closed","ping_status":"closed","template":"","meta":{"_et_pb_use_builder":"on","_et_pb_old_content":"","_et_gb_content_width":"","footnotes":""},"folder":[51],"class_list":["post-6110","page","type-page","status-publish","hentry"],"_links":{"self":[{"href":"https:\/\/caminodelcorazon.church\/web\/wp-json\/wp\/v2\/pages\/6110","targetHints":{"allow":["GET"]}}],"collection":[{"href":"https:\/\/caminodelcorazon.church\/web\/wp-json\/wp\/v2\/pages"}],"about":[{"href":"https:\/\/caminodelcorazon.church\/web\/wp-json\/wp\/v2\/types\/page"}],"author":[{"embeddable":true,"href":"https:\/\/caminodelcorazon.church\/web\/wp-json\/wp\/v2\/users\/4"}],"replies":[{"embeddable":true,"href":"https:\/\/caminodelcorazon.church\/web\/wp-json\/wp\/v2\/comments?post=6110"}],"version-history":[{"count":6,"href":"https:\/\/caminodelcorazon.church\/web\/wp-json\/wp\/v2\/pages\/6110\/revisions"}],"predecessor-version":[{"id":6716,"href":"https:\/\/caminodelcorazon.church\/web\/wp-json\/wp\/v2\/pages\/6110\/revisions\/6716"}],"wp:attachment":[{"href":"https:\/\/caminodelcorazon.church\/web\/wp-json\/wp\/v2\/media?parent=6110"}],"wp:term":[{"taxonomy":"folder","embeddable":true,"href":"https:\/\/caminodelcorazon.church\/web\/wp-json\/wp\/v2\/folder?post=6110"}],"curies":[{"name":"wp","href":"https:\/\/api.w.org\/{rel}","templated":true}]}}