{"id":5958,"date":"2020-04-30T11:33:26","date_gmt":"2020-04-30T16:33:26","guid":{"rendered":"https:\/\/caminodelcorazon.church\/web\/p1-m1-esquema-para-orientar-el-paso-copy\/"},"modified":"2020-06-07T20:07:33","modified_gmt":"2020-06-08T01:07:33","slug":"p1-m0-paso-1","status":"publish","type":"page","link":"https:\/\/caminodelcorazon.church\/web\/p1-m0-paso-1\/","title":{"rendered":"P1 M0 Paso 1"},"content":{"rendered":"<p>[et_pb_section fb_built=\u00bb1&#8243; fullwidth=\u00bbon\u00bb admin_label=\u00bbBarraColores\u00bb module_id=\u00bbBarraColor\u00bb module_class=\u00bbbarra\u00bb _builder_version=\u00bb4.0.5&#8243; background_image=\u00bbhttps:\/\/caminodelcorazon.church\/web\/wp-content\/uploads\/2019\/12\/LineaColores.png\u00bb background_position=\u00bbtop_center\u00bb min_height=\u00bb10px\u00bb height=\u00bb10px\u00bb max_height=\u00bb10px\u00bb][\/et_pb_section][et_pb_section fb_built=\u00bb1&#8243; custom_padding_last_edited=\u00bbon|phone\u00bb module_class=\u00bbp1_fondo\u00bb _builder_version=\u00bb4.0.5&#8243; background_enable_image=\u00bboff\u00bb background_position=\u00bbbottom_right\u00bb width=\u00bb100%\u00bb custom_margin=\u00bb|||-5px|false|false\u00bb custom_padding=\u00bb10px|16px|7px||false|false\u00bb custom_padding_tablet=\u00bb\u00bb custom_padding_phone=\u00bb10px|0px|7px|1px|false|false\u00bb background_color_phone=\u00bb#ffffff\u00bb background_last_edited=\u00bbon|tablet\u00bb background_enable_color_phone=\u00bbon\u00bb background_enable_image_phone=\u00bboff\u00bb background_position_tablet=\u00bbbottom_center\u00bb background_position_phone=\u00bbbottom_center\u00bb border_color_all=\u00bbrgba(0,0,0,0)\u00bb border_width_bottom=\u00bb8px\u00bb border_color_bottom=\u00bb#edc500&#8243; background__hover_enabled=\u00bboff|desktop\u00bb background_position__hover=\u00bbbottom_center\u00bb][et_pb_row column_structure=\u00bb1_4,1_2,1_4&#8243; _builder_version=\u00bb4.0.5&#8243; background_enable_image=\u00bboff\u00bb background_size=\u00bbinitial\u00bb background_position=\u00bbtop_center\u00bb width=\u00bb100%\u00bb module_alignment=\u00bbcenter\u00bb custom_margin=\u00bb0px||||false|false\u00bb custom_padding=\u00bb0px||0px||false|false\u00bb][et_pb_column type=\u00bb1_4&#8243; _builder_version=\u00bb4.0.5&#8243;][\/et_pb_column][et_pb_column type=\u00bb1_2&#8243; _builder_version=\u00bb4.0.5&#8243;][et_pb_text content_tablet=\u00bb<\/p>\n<h4 style=%22text-align: center;%22><strong>Paso 1. En el Principio, el Amor<\/strong><\/h4>\n<p>\u00bb content_phone=\u00bb<\/p>\n<h5 style=%22text-align: center;%22><strong>Paso 1. En el Principio, el Amor<\/strong><\/h5>\n<p>\u00bb content_last_edited=\u00bbon|phone\u00bb admin_label=\u00bbTitulo_p2&#8243; module_class=\u00bbgen_titulo_paso p1_titulo_paso\u00bb _builder_version=\u00bb4.0.5&#8243; background_color=\u00bb#edc500&#8243; background_enable_image=\u00bboff\u00bb text_orientation=\u00bbcenter\u00bb custom_margin=\u00bb||||false|false\u00bb custom_margin_tablet=\u00bb\u00bb custom_margin_phone=\u00bb|10px||15px|false|false\u00bb custom_margin_last_edited=\u00bbon|phone\u00bb custom_padding=\u00bb10px|0px|0px|0px|false|false\u00bb border_radii=\u00bbon|10px|10px|10px|10px\u00bb content__hover_enabled=\u00bboff|desktop\u00bb]<\/p>\n<h3 style=\"text-align: center;\"><strong>Paso 1. En el Principio, el Amor<\/strong><\/h3>\n<p>[\/et_pb_text][\/et_pb_column][et_pb_column type=\u00bb1_4&#8243; _builder_version=\u00bb4.0.5&#8243;][\/et_pb_column][\/et_pb_row][et_pb_row _builder_version=\u00bb3.26.3&#8243; custom_padding=\u00bb0px||14px|||\u00bb][et_pb_column type=\u00bb4_4&#8243; _builder_version=\u00bb3.26.3&#8243;][et_pb_text module_class=\u00bbgen_texto\u00bb _builder_version=\u00bb4.0.5&#8243; text_font_size=\u00bb15px\u00bb custom_margin=\u00bb20px||||false|false\u00bb custom_padding=\u00bb0px||0px||false|false\u00bb]<\/p>\n<p><strong>\u00a1Hola, Caminante!<\/strong><\/p>\n<p><strong>Recuerda<\/strong><span>\u00a0en cada uno de los 9 momentos encontrar\u00e1s las reflexiones que te guiar\u00e1n en este itinerario para la formaci\u00f3n del coraz\u00f3n del disc\u00edpulo.<\/span><\/p>\n<p><i><span>Empieza el recorrido con el Momento 1. Esquema Para Orientar este Paso.<\/span><\/i><\/p>\n<p>[\/et_pb_text][\/et_pb_column][\/et_pb_row][et_pb_row _builder_version=\u00bb4.0.5&#8243; width=\u00bb85%\u00bb custom_padding=\u00bb||||false|false\u00bb][et_pb_column type=\u00bb4_4&#8243; _builder_version=\u00bb3.27.3&#8243;][et_pb_image src=\u00bbhttps:\/\/caminodelcorazon.church\/web\/wp-content\/uploads\/2020\/06\/ECC-Momentos_01.jpg\u00bb src_tablet=\u00bb\u00bb src_phone=\u00bbhttps:\/\/caminodelcorazon.church\/web\/wp-content\/uploads\/2019\/10\/Nuevemomentos-01.png\u00bb src_last_edited=\u00bbon|desktop\u00bb _builder_version=\u00bb4.0.5&#8243; hover_enabled=\u00bb0&#8243;][\/et_pb_image][\/et_pb_column][\/et_pb_row][et_pb_row _builder_version=\u00bb4.0.5&#8243; background_enable_image=\u00bboff\u00bb background_size=\u00bbinitial\u00bb background_position=\u00bbtop_center\u00bb width=\u00bb100%\u00bb module_alignment=\u00bbcenter\u00bb custom_margin=\u00bb30px||||false|false\u00bb custom_margin_tablet=\u00bb\u00bb custom_margin_phone=\u00bb|||5px|false|false\u00bb custom_margin_last_edited=\u00bbon|phone\u00bb custom_padding=\u00bb40px||0px||false|false\u00bb][et_pb_column type=\u00bb4_4&#8243; _builder_version=\u00bb4.0.5&#8243;][et_pb_button button_url=\u00bbhttps:\/\/caminodelcorazon.church\/web\/p1-m1-esquema-para-orientar-el-paso\/\u00bb button_text=\u00bbMomento 1: Orientar el Paso\u00bb button_alignment=\u00bbcenter\u00bb module_class=\u00bbgen_next p1_next\u00bb _builder_version=\u00bb4.0.5&#8243; custom_button=\u00bbon\u00bb button_text_size=\u00bb20px\u00bb button_text_color=\u00bb#333333&#8243; button_bg_color=\u00bb#edc500&#8243; button_border_width=\u00bb0px\u00bb button_border_radius=\u00bb12px\u00bb button_font=\u00bb|700|||||||\u00bb button_icon=\u00bb%%24%%\u00bb button_on_hover=\u00bboff\u00bb custom_margin=\u00bb0px||-14px||false|false\u00bb custom_padding=\u00bb5px||||false|false\u00bb][\/et_pb_button][\/et_pb_column][\/et_pb_row][\/et_pb_section][et_pb_section fb_built=\u00bb1&#8243; fullwidth=\u00bbon\u00bb _builder_version=\u00bb4.0.5&#8243; background_color=\u00bb#000000&#8243;][et_pb_fullwidth_menu menu_id=\u00bb62&#8243; menu_style=\u00bbcentered\u00bb submenu_direction=\u00bbupwards\u00bb fullwidth_menu=\u00bbon\u00bb menu_icon_color=\u00bb#F5DA42&#8243; module_class=\u00bbp1_menu menu\u00bb _builder_version=\u00bb4.0.5&#8243; menu_font=\u00bb||||||||\u00bb background_color=\u00bb#000000&#8243; background_layout=\u00bbdark\u00bb border_color_all=\u00bb#58aadc\u00bb][\/et_pb_fullwidth_menu][\/et_pb_section]<\/p>\n","protected":false},"excerpt":{"rendered":"<p>Paso 1. En el Principio, el Amor\u00a1Hola, Caminante! Recuerda\u00a0en cada uno de los 9 momentos encontrar\u00e1s las reflexiones que te guiar\u00e1n en este itinerario para la formaci\u00f3n del coraz\u00f3n del disc\u00edpulo. Empieza el recorrido con el Momento 1. Esquema Para Orientar este Paso.<\/p>\n","protected":false},"author":1,"featured_media":0,"parent":0,"menu_order":0,"comment_status":"closed","ping_status":"closed","template":"","meta":{"_et_pb_use_builder":"on","_et_pb_old_content":"","_et_gb_content_width":"","footnotes":""},"folder":[54],"class_list":["post-5958","page","type-page","status-publish","hentry"],"_links":{"self":[{"href":"https:\/\/caminodelcorazon.church\/web\/wp-json\/wp\/v2\/pages\/5958","targetHints":{"allow":["GET"]}}],"collection":[{"href":"https:\/\/caminodelcorazon.church\/web\/wp-json\/wp\/v2\/pages"}],"about":[{"href":"https:\/\/caminodelcorazon.church\/web\/wp-json\/wp\/v2\/types\/page"}],"author":[{"embeddable":true,"href":"https:\/\/caminodelcorazon.church\/web\/wp-json\/wp\/v2\/users\/1"}],"replies":[{"embeddable":true,"href":"https:\/\/caminodelcorazon.church\/web\/wp-json\/wp\/v2\/comments?post=5958"}],"version-history":[{"count":5,"href":"https:\/\/caminodelcorazon.church\/web\/wp-json\/wp\/v2\/pages\/5958\/revisions"}],"predecessor-version":[{"id":6702,"href":"https:\/\/caminodelcorazon.church\/web\/wp-json\/wp\/v2\/pages\/5958\/revisions\/6702"}],"wp:attachment":[{"href":"https:\/\/caminodelcorazon.church\/web\/wp-json\/wp\/v2\/media?parent=5958"}],"wp:term":[{"taxonomy":"folder","embeddable":true,"href":"https:\/\/caminodelcorazon.church\/web\/wp-json\/wp\/v2\/folder?post=5958"}],"curies":[{"name":"wp","href":"https:\/\/api.w.org\/{rel}","templated":true}]}}