{"id":591,"date":"2019-06-17T10:29:15","date_gmt":"2019-06-17T15:29:15","guid":{"rendered":"https:\/\/caminodelcorazon.church\/web\/?page_id=591"},"modified":"2019-09-23T13:06:52","modified_gmt":"2019-09-23T18:06:52","slug":"somos","status":"publish","type":"page","link":"https:\/\/caminodelcorazon.church\/web\/somos\/","title":{"rendered":"Somos"},"content":{"rendered":"<p>[et_pb_section fb_built=\u00bb1&#8243; _builder_version=\u00bb3.24.1&#8243; background_image=\u00bbhttps:\/\/caminodelcorazon.church\/web\/wp-content\/uploads\/2019\/06\/10.jpeg\u00bb custom_padding=\u00bb32px||2px|||\u00bb fb_built=\u00bb1&#8243; _i=\u00bb0&#8243; _address=\u00bb0&#8243;][et_pb_row _builder_version=\u00bb3.25&#8243; custom_margin=\u00bb-29px|auto||auto||\u00bb custom_padding=\u00bb|||40px||\u00bb _i=\u00bb0&#8243; _address=\u00bb0.0&#8243;][et_pb_column type=\u00bb4_4&#8243; _builder_version=\u00bb3.25&#8243; custom_padding=\u00bb|||\u00bb custom_padding__hover=\u00bb|||\u00bb _i=\u00bb0&#8243; _address=\u00bb0.0.0&#8243;][et_pb_text _builder_version=\u00bb3.27.4&#8243; _i=\u00bb0&#8243; _address=\u00bb0.0.0.0&#8243;]<\/p>\n<h2><span style=\"color: #999999;\"><strong>Acerca de la Red Mundial de Oraci\u00f3n del Papa<\/strong><\/span><\/h2>\n<p>[\/et_pb_text][\/et_pb_column][\/et_pb_row][et_pb_row _builder_version=\u00bb3.25&#8243; custom_padding=\u00bb||2px|||\u00bb _i=\u00bb1&#8243; _address=\u00bb0.1&#8243;][et_pb_column type=\u00bb4_4&#8243; _builder_version=\u00bb3.25&#8243; custom_padding=\u00bb|||\u00bb custom_padding__hover=\u00bb|||\u00bb _i=\u00bb0&#8243; _address=\u00bb0.1.0&#8243;][et_pb_text _builder_version=\u00bb3.29.3&#8243; text_font=\u00bb||||||||\u00bb custom_margin=\u00bb-42px|20px|20px|20px||\u00bb custom_margin_last_edited=\u00bbon|desktop\u00bb custom_padding=\u00bb0px|0px|7px|0px||\u00bb animation_style=\u00bbfade\u00bb hover_enabled=\u00bb0&#8243; text_orientation_last_edited=\u00bbon|desktop\u00bb _i=\u00bb0&#8243; _address=\u00bb0.1.0.0&#8243;]<\/p>\n<p style=\"font-weight: 400; text-align: justify;\"><span>La Red Mundial de Oraci\u00f3n del Papa es una obra pontificia, que tiene como misi\u00f3n movilizar a los cat\u00f3licos por la oraci\u00f3n y la acci\u00f3n, ante los desaf\u00edos de la humanidad y de la misi\u00f3n de la Iglesia. Estos desaf\u00edos se presentan en forma de intenciones de oraci\u00f3n confiados por el Papa a toda la Iglesia. Su misi\u00f3n se inscribe en la din\u00e1mica del Coraz\u00f3n de Jes\u00fas, una misi\u00f3n de compasi\u00f3n por el mundo. Fue fundada en 1844 como Apostolado de la Oraci\u00f3n. Est\u00e1 presente en 98 pa\u00edses y la integran m\u00e1s de 35 millones de cat\u00f3licos. Incluye su rama de j\u00f3venes, el MEJ &#8211; Movimiento Eucar\u00edstico Juvenil. En marzo de 2018 el Papa constituy\u00f3 este servicio eclesial como Obra Pontificia y aprob\u00f3 sus nuevos estatutos. Su Director Internacional es el P. Fr\u00e9d\u00e9ric Fornos, SJ.<\/span><\/p>\n<p style=\"font-weight: 400; text-align: justify;\"><a href=\"https:\/\/www.popesprayer.va\/es\/\" target=\"_blank\" rel=\"noopener noreferrer\" style=\"font-size: 14px;\">Click Aqu\u00ed para m\u00e1s informac\u00f3n<\/a><\/p>\n<p style=\"font-weight: 400; text-align: justify;\"><strong>Proyectos :<\/strong><\/p>\n<p style=\"font-weight: 400; text-align: justify;\"><strong><span>El Video del Papa<\/span><\/strong><span>\u00a0es una iniciativa oficial de alcance global, en 12 idiomas (en website, Facebook, Twitter, YouTube, Instagram, newsletter), que tiene como objetivo difundir las intenciones de oraci\u00f3n mensuales del Santo Padre.<\/span><\/p>\n<p style=\"font-weight: 400; text-align: justify;\"><span><a href=\"http:\/\/www.elvideodelpapa.org\" target=\"_blank\" rel=\"noopener noreferrer\">Click Aqu\u00ed para m\u00e1s Informaci\u00f3n<\/a><\/span><\/p>\n<p style=\"font-weight: 400; text-align: justify;\"><strong><span>Click To Pray<\/span><\/strong><span>\u00a0es la app de la Red Mundial de Oraci\u00f3n del Papa (incluye el Movimiento Eucar\u00edstico Juvenil). Te conecta y te mueve junto a miles de personas que, en todos los continentes, rezan por los desaf\u00edos de la humanidad y de la misi\u00f3n de la Iglesia que el Papa propone en sus intenciones cada mes.\u00a0<\/span><span>Esta en 7 idiomas en Android, IOS, Blog, website, Facebook, Twitter, YouTube, Instagram, Newsletter cotidiana).<\/span><\/p>\n<p style=\"font-weight: 400; text-align: justify;\"><a href=\"http:\/\/www.clicktopray.org\" target=\"_blank\" rel=\"noopener noreferrer\"><span>Click Aqu\u00ed para m\u00e1s informaci\u00f3n\u00a0<\/span><\/a><\/p>\n<p style=\"text-align: justify;\">El Camino del Coraz\u00f3n es un proyecto coordinado por un equipo internacional de la Red Mundial de Oraci\u00f3n del Papa, liderado por el equipo regional de Argentina \u2013 Uruguay, que da contenido y metodolog\u00eda al itinerario espiritual y de formaci\u00f3n de este servicio eclesial. Cuenta con la colaboraci\u00f3n en la supervisi\u00f3n de la Universidad Cat\u00f3lica de C\u00f3rdoba de la Argentina.<\/p>\n<p style=\"text-align: justify;\">El Canal de televisi\u00f3n TeleVID, obra de la Congregaci\u00f3n Mariana de Medell\u00edn -Colombia participa en el desarrollo de El Camino del Coraz\u00f3n como partner activo. TeleVID es un medio de comunicaci\u00f3n cat\u00f3lico, generador de contenidos espirituales con alto impacto en diversas plataformas y redes sociales de habla hispana.<br \/> <a href=\"http:\/\/www.televid.tv\" target=\"_blank\" rel=\"noopener noreferrer\">Click para m\u00e1s informaci\u00f3n<\/a><\/p>\n<p style=\"text-align: justify;\">Nuestra politica de privacidad\u00a0<strong><a href=\"https:\/\/caminodelcorazon.church\/web\/politica-de-privacidad\/\" target=\"_blank\" rel=\"noopener noreferrer\">Click para m\u00e1s informaci\u00f3n<\/a><\/strong><\/p>\n<p>[\/et_pb_text][\/et_pb_column][\/et_pb_row][et_pb_row _builder_version=\u00bb3.25&#8243; custom_padding=\u00bb0px|||||\u00bb _i=\u00bb2&#8243; _address=\u00bb0.2&#8243;][et_pb_column type=\u00bb4_4&#8243; _builder_version=\u00bb3.25&#8243; custom_padding=\u00bb|||\u00bb custom_padding__hover=\u00bb|||\u00bb _i=\u00bb0&#8243; _address=\u00bb0.2.0&#8243;][et_pb_button button_url=\u00bbhttps:\/\/caminodelcorazon.church\/web\/conoce-los-pasos\/\u00bb button_text=\u00bbConoce los Pasos\u00bb button_alignment=\u00bbcenter\u00bb _builder_version=\u00bb3.26.3&#8243; custom_button=\u00bbon\u00bb button_text_size=\u00bb15px\u00bb button_text_color=\u00bb#ffffff\u00bb button_bg_color=\u00bb#3683c1&#8243; button_border_width=\u00bb0px\u00bb button_border_radius=\u00bb10px\u00bb button_font=\u00bb|700|||||||\u00bb button_icon=\u00bb%%194%%\u00bb button_icon_color=\u00bb#ffffff\u00bb background_layout=\u00bbdark\u00bb box_shadow_style=\u00bbpreset4&#8243; _i=\u00bb0&#8243; _address=\u00bb0.2.0.0&#8243;][\/et_pb_button][\/et_pb_column][\/et_pb_row][\/et_pb_section]<\/p>\n","protected":false},"excerpt":{"rendered":"<p>Acerca de la Red Mundial de Oraci\u00f3n del PapaLa Red Mundial de Oraci\u00f3n del Papa es una obra pontificia, que tiene como misi\u00f3n movilizar a los cat\u00f3licos por la oraci\u00f3n y la acci\u00f3n, ante los desaf\u00edos de la humanidad y de la misi\u00f3n de la Iglesia. Estos desaf\u00edos se presentan en forma de intenciones de [&hellip;]<\/p>\n","protected":false},"author":1,"featured_media":0,"parent":0,"menu_order":0,"comment_status":"closed","ping_status":"closed","template":"","meta":{"_et_pb_use_builder":"on","_et_pb_old_content":"","_et_gb_content_width":"","footnotes":""},"folder":[],"class_list":["post-591","page","type-page","status-publish","hentry"],"_links":{"self":[{"href":"https:\/\/caminodelcorazon.church\/web\/wp-json\/wp\/v2\/pages\/591","targetHints":{"allow":["GET"]}}],"collection":[{"href":"https:\/\/caminodelcorazon.church\/web\/wp-json\/wp\/v2\/pages"}],"about":[{"href":"https:\/\/caminodelcorazon.church\/web\/wp-json\/wp\/v2\/types\/page"}],"author":[{"embeddable":true,"href":"https:\/\/caminodelcorazon.church\/web\/wp-json\/wp\/v2\/users\/1"}],"replies":[{"embeddable":true,"href":"https:\/\/caminodelcorazon.church\/web\/wp-json\/wp\/v2\/comments?post=591"}],"version-history":[{"count":28,"href":"https:\/\/caminodelcorazon.church\/web\/wp-json\/wp\/v2\/pages\/591\/revisions"}],"predecessor-version":[{"id":2107,"href":"https:\/\/caminodelcorazon.church\/web\/wp-json\/wp\/v2\/pages\/591\/revisions\/2107"}],"wp:attachment":[{"href":"https:\/\/caminodelcorazon.church\/web\/wp-json\/wp\/v2\/media?parent=591"}],"wp:term":[{"taxonomy":"folder","embeddable":true,"href":"https:\/\/caminodelcorazon.church\/web\/wp-json\/wp\/v2\/folder?post=591"}],"curies":[{"name":"wp","href":"https:\/\/api.w.org\/{rel}","templated":true}]}}