{"id":5630,"date":"2020-04-29T11:35:45","date_gmt":"2020-04-29T16:35:45","guid":{"rendered":"https:\/\/caminodelcorazon.church\/web\/p8-m4-entrada-biblica-copy\/"},"modified":"2024-09-10T16:40:57","modified_gmt":"2024-09-10T19:40:57","slug":"p8-m6-entrada-espiritual","status":"publish","type":"page","link":"https:\/\/caminodelcorazon.church\/web\/p8-m6-entrada-espiritual\/","title":{"rendered":"P8 M6 Entrada Espiritual"},"content":{"rendered":"<p>[et_pb_section fb_built=\u00bb1&#8243; fullwidth=\u00bbon\u00bb admin_label=\u00bbBarraColores\u00bb module_id=\u00bbBarraColor\u00bb module_class=\u00bbbarra\u00bb _builder_version=\u00bb4.16&#8243; background_image=\u00bbhttps:\/\/caminodelcorazon.church\/web\/wp-content\/uploads\/2019\/12\/LineaColores.png\u00bb background_position=\u00bbtop_center\u00bb min_height=\u00bb10px\u00bb height=\u00bb10px\u00bb max_height=\u00bb10px\u00bb global_colors_info=\u00bb{}\u00bb][\/et_pb_section][et_pb_section fb_built=\u00bb1&#8243; custom_padding_last_edited=\u00bbon|phone\u00bb module_class=\u00bbp8_fondo\u00bb _builder_version=\u00bb4.16&#8243; background_image=\u00bbhttps:\/\/caminodelcorazon.church\/web\/wp-content\/uploads\/2020\/04\/PLANTILLA-AMARILLA-8-1.jpg\u00bb background_size=\u00bbcontain\u00bb background_position=\u00bbbottom_center\u00bb width=\u00bb100%\u00bb custom_margin=\u00bb|||-5px|false|false\u00bb custom_padding=\u00bb10px|16px|7px||false|false\u00bb custom_padding_tablet=\u00bb\u00bb custom_padding_phone=\u00bb10px|0px|7px|1px|false|false\u00bb background_color_phone=\u00bb#ffffff\u00bb background_last_edited=\u00bbon|desktop\u00bb background_enable_color_phone=\u00bbon\u00bb background_enable_image_phone=\u00bboff\u00bb background_position_tablet=\u00bbbottom_center\u00bb background_position_phone=\u00bbbottom_center\u00bb border_color_all=\u00bbrgba(0,0,0,0)\u00bb border_width_bottom=\u00bb8px\u00bb border_color_bottom=\u00bb#cb623f\u00bb global_colors_info=\u00bb{}\u00bb background__hover_enabled=\u00bboff|desktop\u00bb background_position__hover=\u00bbbottom_center\u00bb][et_pb_row column_structure=\u00bb1_4,1_2,1_4&#8243; _builder_version=\u00bb4.16&#8243; background_enable_image=\u00bboff\u00bb background_size=\u00bbinitial\u00bb background_position=\u00bbtop_center\u00bb width=\u00bb100%\u00bb module_alignment=\u00bbcenter\u00bb custom_margin=\u00bb0px||||false|false\u00bb custom_padding=\u00bb0px||0px||false|false\u00bb global_colors_info=\u00bb{}\u00bb][et_pb_column type=\u00bb1_4&#8243; _builder_version=\u00bb4.16&#8243; global_colors_info=\u00bb{}\u00bb][\/et_pb_column][et_pb_column type=\u00bb1_2&#8243; _builder_version=\u00bb4.16&#8243; global_colors_info=\u00bb{}\u00bb][et_pb_text content_tablet=\u00bb<\/p>\n<h4 style=%22text-align: center;%22>Una Misi\u00f3n de Compasi\u00f3n<\/h4>\n<p>\u00bb content_phone=\u00bb<\/p>\n<h5 style=%22text-align: center;%22>Una Misi\u00f3n de Compasi\u00f3n<\/h5>\n<p>\u00bb content_last_edited=\u00bbon|phone\u00bb admin_label=\u00bbTitulo_p2&#8243; module_class=\u00bbgen_titulo_paso p8_titulo_paso\u00bb _builder_version=\u00bb4.16&#8243; text_text_color=\u00bb#ffffff\u00bb background_color=\u00bb#cb623f\u00bb background_enable_image=\u00bboff\u00bb text_orientation=\u00bbcenter\u00bb custom_margin=\u00bb||||false|false\u00bb custom_margin_tablet=\u00bb\u00bb custom_margin_phone=\u00bb|10px||15px|false|false\u00bb custom_margin_last_edited=\u00bbon|phone\u00bb custom_padding=\u00bb10px|0px|0px|0px|false|false\u00bb border_radii=\u00bbon|10px|10px|10px|10px\u00bb global_colors_info=\u00bb{}\u00bb content__hover_enabled=\u00bboff|desktop\u00bb]<\/p>\n<h3 style=\"text-align: center;\">Una Misi\u00f3n de Compasi\u00f3n<\/h3>\n<p>[\/et_pb_text][\/et_pb_column][et_pb_column type=\u00bb1_4&#8243; _builder_version=\u00bb4.16&#8243; global_colors_info=\u00bb{}\u00bb][\/et_pb_column][\/et_pb_row][et_pb_row _builder_version=\u00bb4.16&#8243; background_color=\u00bbrgba(0,0,0,0)\u00bb custom_padding=\u00bb0px||0px|||\u00bb global_colors_info=\u00bb{}\u00bb][et_pb_column type=\u00bb4_4&#8243; _builder_version=\u00bb4.16&#8243; custom_padding=\u00bb8px|0px|2px|0px|false|false\u00bb global_colors_info=\u00bb{}\u00bb][et_pb_text content_tablet=\u00bb<\/p>\n<h4 style=%22text-align: center;%22>Momento 6. Entrada Espiritual<\/h4>\n<p>\u00bb content_phone=\u00bb<\/p>\n<h5 style=%22text-align: center;%22>Momento 6. Entrada Espiritual<\/h5>\n<p>\u00bb content_last_edited=\u00bbon|phone\u00bb module_class=\u00bbgen_titulo_momento p8_titulo_momento\u00bb _builder_version=\u00bb4.16&#8243; background_color=\u00bb#cb623f\u00bb background_enable_image=\u00bboff\u00bb custom_margin=\u00bb||||false|false\u00bb custom_margin_tablet=\u00bb\u00bb custom_margin_phone=\u00bb-10px||||false|false\u00bb custom_margin_last_edited=\u00bbon|phone\u00bb custom_padding=\u00bb10px|0px|0px|0px|false|false\u00bb custom_padding_tablet=\u00bb\u00bb custom_padding_phone=\u00bb|5px||10px|false|false\u00bb custom_padding_last_edited=\u00bbon|phone\u00bb border_radii=\u00bbon|10px|10px|10px|10px\u00bb global_colors_info=\u00bb{}\u00bb]<\/p>\n<h3 style=\"text-align: center;\">Momento 6. Entrada Espiritual<\/h3>\n<p>[\/et_pb_text][\/et_pb_column][\/et_pb_row][et_pb_row _builder_version=\u00bb4.16&#8243; custom_padding=\u00bb0px||14px|||\u00bb global_colors_info=\u00bb{}\u00bb][et_pb_column type=\u00bb4_4&#8243; _builder_version=\u00bb4.16&#8243; global_colors_info=\u00bb{}\u00bb][et_pb_text module_class=\u00bbgen_texto\u00bb _builder_version=\u00bb4.16&#8243; text_font_size=\u00bb15px\u00bb custom_margin=\u00bb20px||||false|false\u00bb custom_padding=\u00bb0px||0px||false|false\u00bb global_colors_info=\u00bb{}\u00bb]<\/p>\n<p>En el momento anterior, <strong>Entrada desde la Perspectiva de la Fe, <\/strong>somos invitados a participar de la misi\u00f3n que Cristo da a su Iglesia.<\/p>\n<p>La <strong>Entrada Espiritual<\/strong> nos ayuda a caer en la cuenta de que nuestra disponibilidad apost\u00f3lica es la clave de la misi\u00f3n. Somos invitados junto a otros a hacer frente a los desaf\u00edos del mundo de hoy por la oraci\u00f3n y por nuestras vidas.<\/p>\n<p><strong>Palabra Clave<\/strong>: Colaboradores de la misi\u00f3n del Resucitado.<\/p>\n<p>\u00a0La <strong>Entrada Espiritual<\/strong>, nos conduce a contemplar las necesidades del mundo de hoy y movilizarnos para dar respuesta a estos desaf\u00edos. Es necesario recuperar el entusiasmo por la misi\u00f3n de Cristo, la pasi\u00f3n por su Reino de Justicia y de Amor, como lo indica el Papa Francisco, cada uno de nosotros es un ap\u00f3stol, \u00abdisc\u00edpulos misioneros\u00bb.<\/p>\n<p>El video nos invita a movilizarnos por el dolor de la humanidad y a darnos cuenta de que Jesucristo cuenta con cada uno de nosotros.<\/p>\n<p>[\/et_pb_text][\/et_pb_column][\/et_pb_row][et_pb_row _builder_version=\u00bb4.16&#8243; width=\u00bb85%\u00bb custom_padding=\u00bb||||false|false\u00bb global_colors_info=\u00bb{}\u00bb][et_pb_column type=\u00bb4_4&#8243; _builder_version=\u00bb4.16&#8243; global_colors_info=\u00bb{}\u00bb][et_pb_video src=\u00bbhttps:\/\/caminodelcorazon.church\/web\/CDC_Files\/P8\/Videos\/LIBRO PASO 8 &#8211; ENTRADA ESPIRTIUAL &#8211; MOMENTO 6.mp4&#8243; image_src=\u00bbhttps:\/\/caminodelcorazon.church\/web\/wp-content\/uploads\/2020\/04\/P8-M6-video.jpg\u00bb thumbnail_overlay_color=\u00bbrgba(0,0,0,0.6)\u00bb image_src_last_edited=\u00bboff|desktop\u00bb module_class=\u00bbgen_video\u00bb _builder_version=\u00bb4.16&#8243; custom_margin=\u00bb||||false|false\u00bb custom_margin_tablet=\u00bb\u00bb custom_margin_phone=\u00bb\u00bb custom_margin_last_edited=\u00bbon|phone\u00bb custom_padding=\u00bb|15px||14px|false|false\u00bb custom_padding_tablet=\u00bb\u00bb custom_padding_phone=\u00bb|0px||0px|false|false\u00bb custom_padding_last_edited=\u00bbon|phone\u00bb global_colors_info=\u00bb{}\u00bb][\/et_pb_video][\/et_pb_column][\/et_pb_row][et_pb_row module_class=\u00bbgen_descarga p8_descarga\u00bb _builder_version=\u00bb4.16&#8243; background_image=\u00bbhttps:\/\/caminodelcorazon.church\/web\/wp-content\/uploads\/2020\/04\/p8_descargas.png\u00bb background_size=\u00bbinitial\u00bb background_position=\u00bbtop_center\u00bb width=\u00bb100%\u00bb max_width=\u00bb400px\u00bb module_alignment=\u00bbcenter\u00bb height=\u00bb325px\u00bb max_height=\u00bb320px\u00bb custom_margin=\u00bb25px||||false|false\u00bb custom_margin_tablet=\u00bb\u00bb custom_margin_phone=\u00bb|||10px|false|false\u00bb custom_margin_last_edited=\u00bbon|phone\u00bb custom_padding=\u00bb55px||||false|false\u00bb global_colors_info=\u00bb{}\u00bb][et_pb_column type=\u00bb4_4&#8243; _builder_version=\u00bb4.16&#8243; global_colors_info=\u00bb{}\u00bb][et_pb_text _builder_version=\u00bb4.16&#8243; global_colors_info=\u00bb{}\u00bb]<\/p>\n<h3 style=\"text-align: center;\">Descarga el material<\/h3>\n<p>[\/et_pb_text][et_pb_button button_url=\u00bbhttps:\/\/caminodelcorazon.church\/web\/CDC_Files\/P8\/Audios\/LIBRO%208%20MOMENTO%206%20ENTRADA%20ESPEIRITUAL.mp3&#8243; url_new_window=\u00bbon\u00bb button_text=\u00bbAudio: Entrada Espiritual\u00bb button_alignment=\u00bbcenter\u00bb admin_label=\u00bbp2_boton\u00bb module_class=\u00bbgen_audio p8_audio\u00bb _builder_version=\u00bb4.16&#8243; custom_button=\u00bbon\u00bb button_text_size=\u00bb15px\u00bb button_bg_color=\u00bb#cb623f\u00bb button_border_color=\u00bbrgba(0,0,0,0)\u00bb button_border_radius=\u00bb15px\u00bb button_letter_spacing=\u00bb0px\u00bb button_font=\u00bb|600|||||||\u00bb button_icon=\u00bb&#xe07f;||divi||400&#8243; button_icon_placement=\u00bbleft\u00bb custom_margin=\u00bb20px||||false|false\u00bb custom_padding=\u00bb||||false|false\u00bb box_shadow_style=\u00bbpreset4&#8243; box_shadow_horizontal=\u00bb2px\u00bb box_shadow_vertical=\u00bb2px\u00bb box_shadow_blur=\u00bb2px\u00bb global_colors_info=\u00bb{}\u00bb][\/et_pb_button][et_pb_button button_url=\u00bbhttps:\/\/caminodelcorazon.church\/web\/CDC_Files\/P8\/PDF\/PDF_PASO8_MOM6.pdf\u00bb url_new_window=\u00bbon\u00bb button_text=\u00bbLibro: Entrada Espiritual\u00bb button_alignment=\u00bbcenter\u00bb admin_label=\u00bbp2_boton\u00bb module_class=\u00bbgen_libro p8_libro\u00bb _builder_version=\u00bb4.27.0&#8243; custom_button=\u00bbon\u00bb button_text_size=\u00bb15px\u00bb button_bg_color=\u00bb#cb623f\u00bb button_border_color=\u00bbrgba(0,0,0,0)\u00bb button_border_radius=\u00bb15px\u00bb button_letter_spacing=\u00bb0px\u00bb button_font=\u00bb|600|||||||\u00bb button_icon=\u00bb&#xe086;||divi||400&#8243; button_icon_placement=\u00bbleft\u00bb custom_margin=\u00bb20px||||false|false\u00bb custom_padding=\u00bb||||false|false\u00bb hover_enabled=\u00bb0&#8243; box_shadow_style=\u00bbpreset4&#8243; box_shadow_horizontal=\u00bb2px\u00bb box_shadow_vertical=\u00bb2px\u00bb box_shadow_blur=\u00bb2px\u00bb global_colors_info=\u00bb{}\u00bb sticky_enabled=\u00bb0&#8243;][\/et_pb_button][et_pb_button button_alignment=\u00bbcenter\u00bb admin_label=\u00bbp2_boton\u00bb module_class=\u00bbboton_audio\u00bb _builder_version=\u00bb4.16&#8243; custom_button=\u00bbon\u00bb button_text_size=\u00bb15px\u00bb button_text_color=\u00bb#ffffff\u00bb button_bg_color=\u00bb#f5da42&#8243; button_border_color=\u00bbrgba(0,0,0,0)\u00bb button_border_radius=\u00bb15px\u00bb button_letter_spacing=\u00bb0px\u00bb button_font=\u00bb|600|||||||\u00bb button_icon=\u00bb&#x6a;||divi||400&#8243; button_icon_placement=\u00bbleft\u00bb custom_margin=\u00bb16px||0px||false|false\u00bb custom_padding=\u00bb3px|10px|3px|20px|false|false\u00bb box_shadow_style=\u00bbpreset4&#8243; box_shadow_horizontal=\u00bb2px\u00bb box_shadow_vertical=\u00bb2px\u00bb box_shadow_blur=\u00bb2px\u00bb global_colors_info=\u00bb{}\u00bb][\/et_pb_button][\/et_pb_column][\/et_pb_row][et_pb_row _builder_version=\u00bb4.16&#8243; background_enable_image=\u00bboff\u00bb background_size=\u00bbinitial\u00bb background_position=\u00bbtop_center\u00bb width=\u00bb100%\u00bb module_alignment=\u00bbcenter\u00bb custom_margin=\u00bb30px||||false|false\u00bb custom_margin_tablet=\u00bb\u00bb custom_margin_phone=\u00bb|||5px|false|false\u00bb custom_margin_last_edited=\u00bbon|phone\u00bb custom_padding=\u00bb40px||0px||false|false\u00bb global_colors_info=\u00bb{}\u00bb][et_pb_column type=\u00bb4_4&#8243; _builder_version=\u00bb4.16&#8243; global_colors_info=\u00bb{}\u00bb][et_pb_button button_url=\u00bbhttps:\/\/caminodelcorazon.church\/web\/p8-m7-palabras-del-papa\/\u00bb button_text=\u00bbMomento 7: Palabras del Papa\u00bb button_alignment=\u00bbcenter\u00bb module_class=\u00bbgen_next p8_next\u00bb _builder_version=\u00bb4.16&#8243; custom_button=\u00bbon\u00bb button_text_size=\u00bb20px\u00bb button_bg_color=\u00bb#cb623f\u00bb button_border_width=\u00bb0px\u00bb button_border_radius=\u00bb12px\u00bb button_font=\u00bb|700|||||||\u00bb button_icon=\u00bb&#x39;||divi||400&#8243; button_on_hover=\u00bboff\u00bb custom_margin=\u00bb0px||-14px||false|false\u00bb custom_padding=\u00bb5px||||false|false\u00bb global_colors_info=\u00bb{}\u00bb][\/et_pb_button][\/et_pb_column][\/et_pb_row][\/et_pb_section][et_pb_section fb_built=\u00bb1&#8243; fullwidth=\u00bbon\u00bb _builder_version=\u00bb4.16&#8243; background_color=\u00bb#000000&#8243; global_colors_info=\u00bb{}\u00bb][et_pb_fullwidth_menu menu_id=\u00bb60&#8243; menu_style=\u00bbcentered\u00bb submenu_direction=\u00bbupwards\u00bb fullwidth_menu=\u00bbon\u00bb menu_icon_color=\u00bb#5C98CE\u00bb module_class=\u00bbp8_menu menu\u00bb _builder_version=\u00bb4.16&#8243; menu_font=\u00bb||||||||\u00bb background_color=\u00bb#000000&#8243; background_layout=\u00bbdark\u00bb border_color_all=\u00bb#58aadc\u00bb global_colors_info=\u00bb{}\u00bb][\/et_pb_fullwidth_menu][\/et_pb_section]<\/p>\n","protected":false},"excerpt":{"rendered":"<p>Una Misi\u00f3n de Compasi\u00f3nMomento 6. Entrada EspiritualEn el momento anterior, Entrada desde la Perspectiva de la Fe, somos invitados a participar de la misi\u00f3n que Cristo da a su Iglesia. La Entrada Espiritual nos ayuda a caer en la cuenta de que nuestra disponibilidad apost\u00f3lica es la clave de la misi\u00f3n. Somos invitados junto a [&hellip;]<\/p>\n","protected":false},"author":4,"featured_media":0,"parent":0,"menu_order":0,"comment_status":"closed","ping_status":"closed","template":"","meta":{"_et_pb_use_builder":"on","_et_pb_old_content":"","_et_gb_content_width":"","footnotes":""},"folder":[52],"class_list":["post-5630","page","type-page","status-publish","hentry"],"_links":{"self":[{"href":"https:\/\/caminodelcorazon.church\/web\/wp-json\/wp\/v2\/pages\/5630","targetHints":{"allow":["GET"]}}],"collection":[{"href":"https:\/\/caminodelcorazon.church\/web\/wp-json\/wp\/v2\/pages"}],"about":[{"href":"https:\/\/caminodelcorazon.church\/web\/wp-json\/wp\/v2\/types\/page"}],"author":[{"embeddable":true,"href":"https:\/\/caminodelcorazon.church\/web\/wp-json\/wp\/v2\/users\/4"}],"replies":[{"embeddable":true,"href":"https:\/\/caminodelcorazon.church\/web\/wp-json\/wp\/v2\/comments?post=5630"}],"version-history":[{"count":9,"href":"https:\/\/caminodelcorazon.church\/web\/wp-json\/wp\/v2\/pages\/5630\/revisions"}],"predecessor-version":[{"id":9112,"href":"https:\/\/caminodelcorazon.church\/web\/wp-json\/wp\/v2\/pages\/5630\/revisions\/9112"}],"wp:attachment":[{"href":"https:\/\/caminodelcorazon.church\/web\/wp-json\/wp\/v2\/media?parent=5630"}],"wp:term":[{"taxonomy":"folder","embeddable":true,"href":"https:\/\/caminodelcorazon.church\/web\/wp-json\/wp\/v2\/folder?post=5630"}],"curies":[{"name":"wp","href":"https:\/\/api.w.org\/{rel}","templated":true}]}}