{"id":4151,"date":"2020-03-22T18:29:54","date_gmt":"2020-03-22T23:29:54","guid":{"rendered":"https:\/\/caminodelcorazon.church\/web\/plantilla-paso2d-copy\/"},"modified":"2024-08-15T16:59:26","modified_gmt":"2024-08-15T19:59:26","slug":"p2-m1-esquema-para-orientar-el-paso","status":"publish","type":"page","link":"https:\/\/caminodelcorazon.church\/web\/p2-m1-esquema-para-orientar-el-paso\/","title":{"rendered":"P2 M1 Esquema para orientar el paso"},"content":{"rendered":"<p>[et_pb_section fb_built=\u00bb1&#8243; fullwidth=\u00bbon\u00bb admin_label=\u00bbBarraColores\u00bb module_id=\u00bbBarraColor\u00bb module_class=\u00bbbarra\u00bb _builder_version=\u00bb4.16&#8243; background_image=\u00bbhttps:\/\/caminodelcorazon.church\/web\/wp-content\/uploads\/2019\/12\/LineaColores.png\u00bb background_position=\u00bbtop_center\u00bb min_height=\u00bb10px\u00bb height=\u00bb10px\u00bb max_height=\u00bb10px\u00bb global_colors_info=\u00bb{}\u00bb][\/et_pb_section][et_pb_section fb_built=\u00bb1&#8243; custom_padding_last_edited=\u00bbon|phone\u00bb module_class=\u00bbp2_fondo\u00bb _builder_version=\u00bb4.16&#8243; background_image=\u00bbhttps:\/\/caminodelcorazon.church\/web\/wp-content\/uploads\/2020\/03\/1.jpg\u00bb background_position=\u00bbbottom_left\u00bb width=\u00bb100%\u00bb custom_margin=\u00bb|||-5px|false|false\u00bb custom_padding=\u00bb10px|16px|7px||false|false\u00bb custom_padding_tablet=\u00bb\u00bb custom_padding_phone=\u00bb10px|0px|7px|1px|false|false\u00bb background_color_phone=\u00bb#ffffff\u00bb background_last_edited=\u00bbon|tablet\u00bb background_enable_color_phone=\u00bbon\u00bb background_enable_image_phone=\u00bboff\u00bb background_position_tablet=\u00bbbottom_center\u00bb background_position_phone=\u00bbbottom_center\u00bb border_color_all=\u00bbrgba(0,0,0,0)\u00bb border_width_bottom=\u00bb8px\u00bb border_color_bottom=\u00bb#f5da42&#8243; global_colors_info=\u00bb{}\u00bb background__hover_enabled=\u00bboff|desktop\u00bb background_position__hover=\u00bbbottom_center\u00bb][et_pb_row column_structure=\u00bb1_4,1_2,1_4&#8243; _builder_version=\u00bb4.16&#8243; background_enable_image=\u00bboff\u00bb background_size=\u00bbinitial\u00bb background_position=\u00bbtop_center\u00bb width=\u00bb100%\u00bb module_alignment=\u00bbcenter\u00bb custom_margin=\u00bb0px||||false|false\u00bb custom_padding=\u00bb0px||0px||false|false\u00bb global_colors_info=\u00bb{}\u00bb][et_pb_column type=\u00bb1_4&#8243; _builder_version=\u00bb4.16&#8243; global_colors_info=\u00bb{}\u00bb][\/et_pb_column][et_pb_column type=\u00bb1_2&#8243; _builder_version=\u00bb4.16&#8243; global_colors_info=\u00bb{}\u00bb][et_pb_text content_tablet=\u00bb<\/p>\n<h4 style=%22text-align: center;%22><strong>El Coraz\u00f3n Humano Inquieto y Necesitado<\/strong><\/h4>\n<p>\u00bb content_phone=\u00bb<\/p>\n<h5 style=%22text-align: center;%22><strong>El Coraz\u00f3n Humano Inquieto y Necesitado<\/strong><\/h5>\n<p>\u00bb content_last_edited=\u00bbon|phone\u00bb admin_label=\u00bbTitulo_p2&#8243; module_class=\u00bbgen_titulo_paso p2_titulo_paso\u00bb _builder_version=\u00bb4.16&#8243; background_color=\u00bb#f5da42&#8243; background_enable_image=\u00bboff\u00bb text_orientation=\u00bbcenter\u00bb custom_margin=\u00bb||||false|false\u00bb custom_margin_tablet=\u00bb\u00bb custom_margin_phone=\u00bb|10px||15px|false|false\u00bb custom_margin_last_edited=\u00bbon|phone\u00bb custom_padding=\u00bb10px|0px|0px|0px|false|false\u00bb border_radii=\u00bbon|10px|10px|10px|10px\u00bb global_colors_info=\u00bb{}\u00bb content__hover_enabled=\u00bboff|desktop\u00bb]<\/p>\n<h3 style=\"text-align: center;\"><strong>El Coraz\u00f3n Humano Inquieto y Necesitado<\/strong><\/h3>\n<p>[\/et_pb_text][\/et_pb_column][et_pb_column type=\u00bb1_4&#8243; _builder_version=\u00bb4.16&#8243; global_colors_info=\u00bb{}\u00bb][\/et_pb_column][\/et_pb_row][et_pb_row _builder_version=\u00bb4.16&#8243; background_color=\u00bbrgba(0,0,0,0)\u00bb custom_padding=\u00bb0px||0px|||\u00bb global_colors_info=\u00bb{}\u00bb][et_pb_column type=\u00bb4_4&#8243; _builder_version=\u00bb4.16&#8243; custom_padding=\u00bb8px|0px|2px|0px|false|false\u00bb global_colors_info=\u00bb{}\u00bb][et_pb_text content_tablet=\u00bb<\/p>\n<h4 style=%22text-align: center;%22>Momento 1. Esquema para orientar el paso<\/h4>\n<p>\u00bb content_phone=\u00bb<\/p>\n<h5 style=%22text-align: center;%22>Momento 1. Esquema para orientar el paso<\/h5>\n<p>\u00bb content_last_edited=\u00bbon|phone\u00bb module_class=\u00bbgen_titulo_momento p2_titulo_momento\u00bb _builder_version=\u00bb4.16&#8243; background_color=\u00bb#f5da42&#8243; background_enable_image=\u00bboff\u00bb custom_margin=\u00bb||||false|false\u00bb custom_margin_tablet=\u00bb\u00bb custom_margin_phone=\u00bb-10px||||false|false\u00bb custom_margin_last_edited=\u00bbon|phone\u00bb custom_padding=\u00bb10px|0px|0px|0px|false|false\u00bb custom_padding_tablet=\u00bb\u00bb custom_padding_phone=\u00bb|5px||10px|false|false\u00bb custom_padding_last_edited=\u00bbon|phone\u00bb border_radii=\u00bbon|10px|10px|10px|10px\u00bb global_colors_info=\u00bb{}\u00bb]<\/p>\n<h3 style=\"text-align: center;\">Momento 1. Esquema para orientar el paso<\/h3>\n<p>[\/et_pb_text][\/et_pb_column][\/et_pb_row][et_pb_row _builder_version=\u00bb4.16&#8243; custom_padding=\u00bb0px||14px|||\u00bb global_colors_info=\u00bb{}\u00bb][et_pb_column type=\u00bb4_4&#8243; _builder_version=\u00bb4.16&#8243; global_colors_info=\u00bb{}\u00bb][et_pb_text module_class=\u00bbgen_texto\u00bb _builder_version=\u00bb4.16&#8243; text_font_size=\u00bb15px\u00bb custom_margin=\u00bb20px||||false|false\u00bb custom_padding=\u00bb0px||0px||false|false\u00bb global_colors_info=\u00bb{}\u00bb]<\/p>\n<p><span style=\"font-weight: 400;\">Bienvenidos al Paso 2 de<\/span><i><span style=\"font-weight: 400;\"> El Camino del Coraz\u00f3n<\/span><\/i><span style=\"font-weight: 400;\">, denominado El Coraz\u00f3n Humano Inquieto y Necesitado, consta de ocho momentos:\u00a0<\/span><\/p>\n<ul>\n<li>Marco Referencial<\/li>\n<li>Din\u00e1mica Interna del Paso<\/li>\n<li>Entrada B\u00edblica<\/li>\n<li>Entrada desde la Perspectiva de la Fe<\/li>\n<li>Entrada Espiritual<\/li>\n<li>Palabras del Papa<\/li>\n<li>Entrada desde la Oraci\u00f3n<\/li>\n<li>Ejercicio &#8211; Pr\u00e1ctica de la relectura<\/li>\n<\/ul>\n<p><em><strong>Objetivo<\/strong><strong>:<\/strong><\/em> Mirar aquello que mueve mi coraz\u00f3n \u00bfD\u00f3nde estoy? \u00bfQu\u00e9 me mueve?<\/p>\n<p><em><strong>Claves Actitudinales:<\/strong> <\/em>Conocimiento interno. Constatar y aprender. Pedir luz.<\/p>\n<p><em><strong>Fruto:<\/strong><\/em> Orientar nuestra vida.<\/p>\n<p><em><strong>Din\u00e1mica \u2013 Movimiento:<\/strong><\/em> De \u201cla desorientaci\u00f3n\u201d a \u201cla orientaci\u00f3n\u201d. Las coordenadas de mi existencia.<\/p>\n<p>Recuerda,\u00a0 no apresures el paso, reflexiona en cada momento, teniendo presente las preguntas que se plantean para el paso 2,\u00a0\u00bfD\u00f3nde estoy? \u00bfQu\u00e9 me mueve?<\/p>\n<p>Es momento de iniciar el camino, te invitamos a observar el video, y posteriormente descarga el material complementario, te acompa\u00f1ar\u00e1 en el camino.<\/p>\n<p>[\/et_pb_text][\/et_pb_column][\/et_pb_row][et_pb_row _builder_version=\u00bb4.16&#8243; width=\u00bb85%\u00bb custom_padding=\u00bb||||false|false\u00bb global_colors_info=\u00bb{}\u00bb][et_pb_column type=\u00bb4_4&#8243; _builder_version=\u00bb4.16&#8243; global_colors_info=\u00bb{}\u00bb][et_pb_video src=\u00bbhttps:\/\/caminodelcorazon.church\/web\/CDC_Files\/P2\/Videos\/01%20LIBRO%202%20-%20ESQUEMA%20PARA%20ORIENTAR%20EL%20PASO.mp4&#8243; image_src=\u00bbhttps:\/\/caminodelcorazon.church\/web\/wp-content\/uploads\/2020\/03\/P2-M1-video.jpg\u00bb thumbnail_overlay_color=\u00bbrgba(0,0,0,0.6)\u00bb image_src_last_edited=\u00bboff|desktop\u00bb module_class=\u00bbgen_video\u00bb _builder_version=\u00bb4.16&#8243; custom_margin=\u00bb||||false|false\u00bb custom_margin_tablet=\u00bb\u00bb custom_margin_phone=\u00bb\u00bb custom_margin_last_edited=\u00bbon|phone\u00bb custom_padding=\u00bb|15px||14px|false|false\u00bb custom_padding_tablet=\u00bb\u00bb custom_padding_phone=\u00bb|0px||0px|false|false\u00bb custom_padding_last_edited=\u00bbon|phone\u00bb global_colors_info=\u00bb{}\u00bb][\/et_pb_video][\/et_pb_column][\/et_pb_row][et_pb_row module_class=\u00bbgen_descarga p2_descarga\u00bb _builder_version=\u00bb4.16&#8243; background_image=\u00bbhttps:\/\/caminodelcorazon.church\/web\/wp-content\/uploads\/2020\/02\/modulo-de-descarga.png\u00bb background_size=\u00bbinitial\u00bb background_position=\u00bbtop_center\u00bb width=\u00bb100%\u00bb max_width=\u00bb400px\u00bb module_alignment=\u00bbcenter\u00bb height=\u00bb325px\u00bb max_height=\u00bb320px\u00bb custom_margin=\u00bb25px||||false|false\u00bb custom_margin_tablet=\u00bb\u00bb custom_margin_phone=\u00bb|||10px|false|false\u00bb custom_margin_last_edited=\u00bbon|phone\u00bb custom_padding=\u00bb55px||||false|false\u00bb global_colors_info=\u00bb{}\u00bb][et_pb_column type=\u00bb4_4&#8243; _builder_version=\u00bb4.16&#8243; global_colors_info=\u00bb{}\u00bb][et_pb_text _builder_version=\u00bb4.16&#8243; global_colors_info=\u00bb{}\u00bb]<\/p>\n<h3 style=\"text-align: center;\">Descarga el material<\/h3>\n<p>[\/et_pb_text][et_pb_button button_url=\u00bbhttps:\/\/caminodelcorazon.church\/web\/CDC_Files\/P2\/Audios\/PASO%20DOS%20MOMENTO%201%20ESQUEMA%20PARA%20ORIENTAR%20EL%20PASO.mp3&#8243; url_new_window=\u00bbon\u00bb button_text=\u00bbAudio: Esquema para orientar el paso\u00bb button_alignment=\u00bbcenter\u00bb admin_label=\u00bbp2_boton\u00bb module_class=\u00bbgen_audio p2_audio\u00bb _builder_version=\u00bb4.16&#8243; custom_button=\u00bbon\u00bb button_text_size=\u00bb15px\u00bb button_text_color=\u00bb#333&#8243; button_bg_color=\u00bb#f5da42&#8243; button_border_color=\u00bbrgba(0,0,0,0)\u00bb button_border_radius=\u00bb15px\u00bb button_letter_spacing=\u00bb0px\u00bb button_font=\u00bb|600|||||||\u00bb button_icon=\u00bb&#xe07f;||divi||400&#8243; button_icon_placement=\u00bbleft\u00bb custom_margin=\u00bb20px||||false|false\u00bb custom_padding=\u00bb||||false|false\u00bb box_shadow_style=\u00bbpreset4&#8243; box_shadow_horizontal=\u00bb2px\u00bb box_shadow_vertical=\u00bb2px\u00bb box_shadow_blur=\u00bb2px\u00bb global_colors_info=\u00bb{}\u00bb][\/et_pb_button][et_pb_button button_url=\u00bbhttps:\/\/caminodelcorazon.church\/web\/CDC_Files\/P2\/PDF\/PDF_MOM1_PASO2.pdf\u00bb url_new_window=\u00bbon\u00bb button_text=\u00bbLibro: Esquema para orientar el paso\u00bb button_alignment=\u00bbcenter\u00bb admin_label=\u00bbp2_boton\u00bb module_class=\u00bbgen_libro p2_libro\u00bb _builder_version=\u00bb4.27.0&#8243; custom_button=\u00bbon\u00bb button_text_size=\u00bb15px\u00bb button_text_color=\u00bb#333333&#8243; button_bg_color=\u00bb#f5da42&#8243; button_border_color=\u00bbrgba(0,0,0,0)\u00bb button_border_radius=\u00bb15px\u00bb button_letter_spacing=\u00bb0px\u00bb button_font=\u00bb|600|||||||\u00bb button_icon=\u00bb&#xe086;||divi||400&#8243; button_icon_placement=\u00bbleft\u00bb custom_margin=\u00bb20px||||false|false\u00bb custom_padding=\u00bb||||false|false\u00bb hover_enabled=\u00bb0&#8243; box_shadow_style=\u00bbpreset4&#8243; box_shadow_horizontal=\u00bb2px\u00bb box_shadow_vertical=\u00bb2px\u00bb box_shadow_blur=\u00bb2px\u00bb global_colors_info=\u00bb{}\u00bb sticky_enabled=\u00bb0&#8243;][\/et_pb_button][et_pb_button button_alignment=\u00bbcenter\u00bb admin_label=\u00bbp2_boton\u00bb module_class=\u00bbboton_audio\u00bb _builder_version=\u00bb4.16&#8243; custom_button=\u00bbon\u00bb button_text_size=\u00bb15px\u00bb button_text_color=\u00bb#ffffff\u00bb button_bg_color=\u00bb#f5da42&#8243; button_border_color=\u00bbrgba(0,0,0,0)\u00bb button_border_radius=\u00bb15px\u00bb button_letter_spacing=\u00bb0px\u00bb button_font=\u00bb|600|||||||\u00bb button_icon=\u00bb&#x6a;||divi||400&#8243; button_icon_placement=\u00bbleft\u00bb custom_margin=\u00bb16px||0px||false|false\u00bb custom_padding=\u00bb3px|10px|3px|20px|false|false\u00bb box_shadow_style=\u00bbpreset4&#8243; box_shadow_horizontal=\u00bb2px\u00bb box_shadow_vertical=\u00bb2px\u00bb box_shadow_blur=\u00bb2px\u00bb global_colors_info=\u00bb{}\u00bb][\/et_pb_button][\/et_pb_column][\/et_pb_row][et_pb_row _builder_version=\u00bb4.16&#8243; background_enable_image=\u00bboff\u00bb background_size=\u00bbinitial\u00bb background_position=\u00bbtop_center\u00bb width=\u00bb100%\u00bb module_alignment=\u00bbcenter\u00bb custom_margin=\u00bb30px||||false|false\u00bb custom_margin_tablet=\u00bb\u00bb custom_margin_phone=\u00bb|||5px|false|false\u00bb custom_margin_last_edited=\u00bbon|phone\u00bb custom_padding=\u00bb40px||0px||false|false\u00bb global_colors_info=\u00bb{}\u00bb][et_pb_column type=\u00bb4_4&#8243; _builder_version=\u00bb4.16&#8243; global_colors_info=\u00bb{}\u00bb][et_pb_button button_url=\u00bbhttps:\/\/caminodelcorazon.church\/web\/p2-m2-marco-referencial\/\u00bb button_text=\u00bbMomento 2: Marco Referencial\u00bb button_alignment=\u00bbcenter\u00bb module_class=\u00bbgen_next p2_next\u00bb _builder_version=\u00bb4.16&#8243; custom_button=\u00bbon\u00bb button_text_size=\u00bb20px\u00bb button_text_color=\u00bb#333333&#8243; button_bg_color=\u00bb#f5da42&#8243; button_border_width=\u00bb0px\u00bb button_border_radius=\u00bb12px\u00bb button_font=\u00bb|700|||||||\u00bb button_icon=\u00bb&#x39;||divi||400&#8243; button_on_hover=\u00bboff\u00bb custom_margin=\u00bb0px||-14px||false|false\u00bb custom_padding=\u00bb5px||||false|false\u00bb global_colors_info=\u00bb{}\u00bb][\/et_pb_button][\/et_pb_column][\/et_pb_row][\/et_pb_section][et_pb_section fb_built=\u00bb1&#8243; fullwidth=\u00bbon\u00bb _builder_version=\u00bb4.16&#8243; background_color=\u00bb#000000&#8243; global_colors_info=\u00bb{}\u00bb][et_pb_fullwidth_menu menu_id=\u00bb43&#8243; menu_style=\u00bbcentered\u00bb submenu_direction=\u00bbupwards\u00bb fullwidth_menu=\u00bbon\u00bb menu_icon_color=\u00bb#F5DA42&#8243; module_class=\u00bbp2_menu menu\u00bb _builder_version=\u00bb4.16&#8243; menu_font=\u00bb||||||||\u00bb background_color=\u00bb#000000&#8243; background_layout=\u00bbdark\u00bb border_color_all=\u00bb#58aadc\u00bb global_colors_info=\u00bb{}\u00bb][\/et_pb_fullwidth_menu][\/et_pb_section]<\/p>\n","protected":false},"excerpt":{"rendered":"<p>El Coraz\u00f3n Humano Inquieto y NecesitadoMomento 1. Esquema para orientar el pasoBienvenidos al Paso 2 de El Camino del Coraz\u00f3n, denominado El Coraz\u00f3n Humano Inquieto y Necesitado, consta de ocho momentos:\u00a0 Marco Referencial Din\u00e1mica Interna del Paso Entrada B\u00edblica Entrada desde la Perspectiva de la Fe Entrada Espiritual Palabras del Papa Entrada desde la Oraci\u00f3n [&hellip;]<\/p>\n","protected":false},"author":1,"featured_media":0,"parent":0,"menu_order":0,"comment_status":"closed","ping_status":"closed","template":"","meta":{"_et_pb_use_builder":"on","_et_pb_old_content":"","_et_gb_content_width":"","footnotes":""},"folder":[30],"class_list":["post-4151","page","type-page","status-publish","hentry"],"_links":{"self":[{"href":"https:\/\/caminodelcorazon.church\/web\/wp-json\/wp\/v2\/pages\/4151","targetHints":{"allow":["GET"]}}],"collection":[{"href":"https:\/\/caminodelcorazon.church\/web\/wp-json\/wp\/v2\/pages"}],"about":[{"href":"https:\/\/caminodelcorazon.church\/web\/wp-json\/wp\/v2\/types\/page"}],"author":[{"embeddable":true,"href":"https:\/\/caminodelcorazon.church\/web\/wp-json\/wp\/v2\/users\/1"}],"replies":[{"embeddable":true,"href":"https:\/\/caminodelcorazon.church\/web\/wp-json\/wp\/v2\/comments?post=4151"}],"version-history":[{"count":26,"href":"https:\/\/caminodelcorazon.church\/web\/wp-json\/wp\/v2\/pages\/4151\/revisions"}],"predecessor-version":[{"id":9049,"href":"https:\/\/caminodelcorazon.church\/web\/wp-json\/wp\/v2\/pages\/4151\/revisions\/9049"}],"wp:attachment":[{"href":"https:\/\/caminodelcorazon.church\/web\/wp-json\/wp\/v2\/media?parent=4151"}],"wp:term":[{"taxonomy":"folder","embeddable":true,"href":"https:\/\/caminodelcorazon.church\/web\/wp-json\/wp\/v2\/folder?post=4151"}],"curies":[{"name":"wp","href":"https:\/\/api.w.org\/{rel}","templated":true}]}}