{"id":2101,"date":"2019-09-23T13:04:21","date_gmt":"2019-09-23T18:04:21","guid":{"rendered":"https:\/\/caminodelcorazon.church\/web\/?page_id=2101"},"modified":"2019-10-03T09:10:45","modified_gmt":"2019-10-03T14:10:45","slug":"politica-de-privacidad","status":"publish","type":"page","link":"https:\/\/caminodelcorazon.church\/web\/politica-de-privacidad\/","title":{"rendered":"Pol\u00edtica de privacidad"},"content":{"rendered":"<p>[et_pb_section fb_built=\u00bb1&#8243; _builder_version=\u00bb3.29.3&#8243; background_image=\u00bbhttps:\/\/caminodelcorazon.church\/web\/wp-content\/uploads\/2019\/06\/8-1.jpeg\u00bb fb_built=\u00bb1&#8243; _i=\u00bb0&#8243; _address=\u00bb0&#8243; custom_padding=\u00bb||0px|||\u00bb][et_pb_row _builder_version=\u00bb3.25&#8243; background_size=\u00bbinitial\u00bb background_position=\u00bbtop_left\u00bb background_repeat=\u00bbrepeat\u00bb _i=\u00bb0&#8243; _address=\u00bb0.0&#8243;][et_pb_column type=\u00bb4_4&#8243; _builder_version=\u00bb3.25&#8243; custom_padding=\u00bb|||\u00bb _i=\u00bb0&#8243; _address=\u00bb0.0.0&#8243; custom_padding__hover=\u00bb|||\u00bb][et_pb_text _builder_version=\u00bb3.29.3&#8243; background_size=\u00bbinitial\u00bb background_position=\u00bbtop_left\u00bb background_repeat=\u00bbrepeat\u00bb hover_enabled=\u00bb0&#8243; _i=\u00bb0&#8243; _address=\u00bb0.0.0.0&#8243;]<\/p>\n<p><!-- divi:heading --><!-- divi:heading --><\/p>\n<h3 style=\"text-align: justify;\"><span style=\"font-family: Arial, serif; font-size: 14px; text-align: justify; color: #666666;\">CONSENTIMIENTO INFORMADO: Por este medio, acepto plenamente y autorizo a la Red Mundial de Oraci\u00f3n del Papa a la recolecci\u00f3n y el tratamiento de los datos personales a trav\u00e9s de formularios f\u00edsicos, electr\u00f3nicos o por cualquier medio por el cual pueda entregar a la Red Mundial de Oraci\u00f3n del Papa informaci\u00f3n personal, para que esta proceda con la incorporaci\u00f3n de los datos facilitados en las bases de datos de las cuales son titulares y responsables la Red Mundial de Oraci\u00f3n del Papa, y su tratamiento en los t\u00e9rminos estipulados en el presente documento y en las normas vigentes al interior de la Red Mundial de Oraci\u00f3n del Papa.<\/span><\/h3>\n<p style=\"text-align: justify;\">\n<p align=\"justify\" style=\"text-align: justify;\"><span face=\"Arial, serif\" style=\"font-family: Arial, serif;\">La finalidad para la recolecci\u00f3n, el uso y tratamiento de datos personales a que se refiere esta pol\u00edtica, es la adecuada gesti\u00f3n, administraci\u00f3n, mejora de las actividades y distintos servicios de la Red Mundial de Oraci\u00f3n del Papa, realizaci\u00f3n de procesos internos, estad\u00edsticas, an\u00e1lisis cuantitativo y cualitativo de las actividades, entre otros, que resulten de inter\u00e9s para la Red. Igualmente podr\u00e1 referirse al ofrecimiento de nuevos productos o mejora de los existentes que puedan contribuir con el bienestar acad\u00e9mico, administrativo, financiero o de formaci\u00f3n, ofrecidos por la Red Mundial de Oraci\u00f3n del Papa o por terceros relacionados con su objeto.<\/span><\/p>\n<p style=\"text-align: justify;\">\n<p align=\"justify\" style=\"text-align: justify;\"><span face=\"Arial, serif\" style=\"font-family: Arial, serif;\">Manifiesto que la informaci\u00f3n entregada a la Red Mundial de Oraci\u00f3n del Papa es totalmente actual, exacta y veraz y reconozco mi obligaci\u00f3n de mantener, en todo momento, actualizados los datos, de forma tal que sean veraces y exactos. En todo caso, reconozco que soy el \u00fanico responsable de la informaci\u00f3n falsa o inexacta que realice y de los perjuicios que cause a la Red Mundial de Oraci\u00f3n del Papa o a terceros, por la informaci\u00f3n que facilite. La Red Mundial de Oraci\u00f3n del Papa har\u00e1 un uso responsable de la informaci\u00f3n entregada por los titulares, adem\u00e1s de lo consagrado en su pol\u00edtica de privacidad de uso y tratamiento de informaci\u00f3n personal, privacidad y confidencialidad de la informaci\u00f3n existente en las bases de datos; s\u00f3lo suministrar\u00e1 informaci\u00f3n cuando se solicite o autorice expresamente, cuando medie decisi\u00f3n judicial o administrativa o cuando esta informaci\u00f3n est\u00e9 prevista en los convenios interinstitucionales suscritos por la Red Mundial de Oraci\u00f3n del Papa.<\/span><\/p>\n<p style=\"text-align: justify;\">\n<p align=\"justify\" style=\"text-align: justify;\"><span face=\"Arial, serif\" style=\"font-family: Arial, serif;\">He sido informado sobre el car\u00e1cter facultativo que tiene el suministro de informaci\u00f3n sensible, la cual tendr\u00e1 car\u00e1cter reservado y acerca de los derechos que me asisten como titular, para conocer, actualizar y solicitar la rectificaci\u00f3n o supresi\u00f3n de datos conforme a los procedimientos y las pol\u00edticas de la Red. Asimismo, no estoy obligado a autorizar el tratamiento de datos con naturaleza sensible. Los datos y las evidencias derivadas de mi participaci\u00f3n en la plataforma se utilizar\u00e1n \u00fanica y exclusivamente para fines formativos, en ese sentido, mi participaci\u00f3n no representar\u00e1 alg\u00fan beneficio econ\u00f3mico o remuneraci\u00f3n. La responsabilidad en el tratamiento de la presente informaci\u00f3n estar\u00e1n a cargo de la Red Mundial de Oraci\u00f3n del Papa. Manifiesto que soy una persona plenamente capaz de consentir, es decir que no soy menor de edad, ni tengo ninguna discapacidad cognitiva o mental que impida el discernimiento o comprensi\u00f3n de la realidad, que no act\u00fao bajo el efecto del licor ni de ning\u00fan otro tipo de alucin\u00f3genos, y que libre y conscientemente acepto participar en la pr\u00e1ctica del formulario. Recuerde que para este consentimiento informado, igual que para el formulario, los campos que lleven un asterisco (*) son preguntas de informaci\u00f3n b\u00e1sica que son requeridos para proceder a desarrollar o culminar con los mismos. <\/span><\/p>\n<p align=\"left\"><!-- \/divi:heading --><\/p>\n<p>[\/et_pb_text][\/et_pb_column][\/et_pb_row][\/et_pb_section]<\/p>\n","protected":false},"excerpt":{"rendered":"<p>CONSENTIMIENTO INFORMADO: Por este medio, acepto plenamente y autorizo a la Red Mundial de Oraci\u00f3n del Papa a la recolecci\u00f3n y el tratamiento de los datos personales a trav\u00e9s de formularios f\u00edsicos, electr\u00f3nicos o por cualquier medio por el cual pueda entregar a la Red Mundial de Oraci\u00f3n del Papa informaci\u00f3n personal, para que esta [&hellip;]<\/p>\n","protected":false},"author":1,"featured_media":0,"parent":0,"menu_order":0,"comment_status":"closed","ping_status":"closed","template":"","meta":{"_et_pb_use_builder":"on","_et_pb_old_content":"<!-- wp:heading -->\n<h2>Qui\u00e9nes somos<\/h2>\n<!-- \/wp:heading -->\n\n<!-- wp:paragraph -->\n<p>La direcci\u00f3n de nuestra web es: https:\/\/caminodelcorazon.church\/web.<\/p>\n<!-- \/wp:paragraph -->\n\n<!-- wp:heading -->\n<h2>Qu\u00e9 datos personales recogemos y por qu\u00e9 los recogemos<\/h2>\n<!-- \/wp:heading -->\n\n<!-- wp:heading {\"level\":3} -->\n<h3>Comentarios<\/h3>\n<!-- \/wp:heading -->\n\n<!-- wp:paragraph -->\n<p>Cuando los visitantes dejan comentarios en la web, recopilamos los datos que se muestran en el formulario de comentarios, as\u00ed como la direcci\u00f3n IP del visitante y la cadena de agentes de usuario del navegador para ayudar a la detecci\u00f3n de spam.<\/p>\n<!-- \/wp:paragraph -->\n\n<!-- wp:paragraph -->\n<p>Una cadena an\u00f3nima creada a partir de tu direcci\u00f3n de correo electr\u00f3nico (tambi\u00e9n llamada hash) puede ser proporcionada al servicio de Gravatar para ver si la est\u00e1s usando. La pol\u00edtica de privacidad del servicio Gravatar est\u00e1 disponible aqu\u00ed: https:\/\/automattic.com\/privacy\/. Despu\u00e9s de la aprobaci\u00f3n de tu comentario, la imagen de tu perfil es visible para el p\u00fablico en el contexto de su comentario.<\/p>\n<!-- \/wp:paragraph -->\n\n<!-- wp:heading {\"level\":3} -->\n<h3>Medios<\/h3>\n<!-- \/wp:heading -->\n\n<!-- wp:paragraph -->\n<p>Si subes im\u00e1genes a la web deber\u00edas evitar subir im\u00e1genes con datos de ubicaci\u00f3n (GPS EXIF) incluidos. Los visitantes de la web pueden descargar y extraer cualquier dato de localizaci\u00f3n de las im\u00e1genes de la web.<\/p>\n<!-- \/wp:paragraph -->\n\n<!-- wp:heading {\"level\":3} -->\n<h3>Formularios de contacto<\/h3>\n<!-- \/wp:heading -->\n\n<!-- wp:heading {\"level\":3} -->\n<h3>Cookies<\/h3>\n<!-- \/wp:heading -->\n\n<!-- wp:paragraph -->\n<p>Si dejas un comentario en nuestro sitio puedes elegir guardar tu nombre, direcci\u00f3n de correo electr\u00f3nico y web en cookies. Esto es para tu comodidad, para que no tengas que volver a rellenar tus datos cuando dejes otro comentario. Estas cookies tendr\u00e1n una duraci\u00f3n de un a\u00f1o.<\/p>\n<!-- \/wp:paragraph -->\n\n<!-- wp:paragraph -->\n<p>Si tienes una cuenta y te conectas a este sitio, instalaremos una cookie temporal para determinar si tu navegador acepta cookies. Esta cookie no contiene datos personales y se elimina al cerrar el navegador.<\/p>\n<!-- \/wp:paragraph -->\n\n<!-- wp:paragraph -->\n<p>Cuando inicias sesi\u00f3n, tambi\u00e9n instalaremos varias cookies para guardar tu informaci\u00f3n de inicio de sesi\u00f3n y tus opciones de visualizaci\u00f3n de pantalla. Las cookies de inicio de sesi\u00f3n duran dos d\u00edas, y las cookies de opciones de pantalla duran un a\u00f1o. Si seleccionas \"Recordarme\", tu inicio de sesi\u00f3n perdurar\u00e1 durante dos semanas. Si sales de tu cuenta, las cookies de inicio de sesi\u00f3n se eliminar\u00e1n.<\/p>\n<!-- \/wp:paragraph -->\n\n<!-- wp:paragraph -->\n<p>Si editas o publicas un art\u00edculo se guardar\u00e1 una cookie adicional en tu navegador. Esta cookie no incluye datos personales y simplemente indica el ID del art\u00edculo que acabas de editar. Caduca despu\u00e9s de 1 d\u00eda.<\/p>\n<!-- \/wp:paragraph -->\n\n<!-- wp:heading {\"level\":3} -->\n<h3>Contenido incrustado de otros sitios web<\/h3>\n<!-- \/wp:heading -->\n\n<!-- wp:paragraph -->\n<p>Los art\u00edculos de este sitio pueden incluir contenido incrustado (por ejemplo, v\u00eddeos, im\u00e1genes, art\u00edculos, etc.). El contenido incrustado de otras web se comporta exactamente de la misma manera que si el visitante hubiera visitado la otra web.<\/p>\n<!-- \/wp:paragraph -->\n\n<!-- wp:paragraph -->\n<p>Estas web pueden recopilar datos sobre ti, utilizar cookies, incrustar un seguimiento adicional de terceros, y supervisar tu interacci\u00f3n con ese contenido incrustado, incluido el seguimiento de tu interacci\u00f3n con el contenido incrustado si tienes una cuenta y est\u00e1s conectado a esa web.<\/p>\n<!-- \/wp:paragraph -->\n\n<!-- wp:heading {\"level\":3} -->\n<h3>Anal\u00edtica<\/h3>\n<!-- \/wp:heading -->\n\n<!-- wp:heading -->\n<h2>Con qui\u00e9n compartimos tus datos<\/h2>\n<!-- \/wp:heading -->\n\n<!-- wp:heading -->\n<h2>Cu\u00e1nto tiempo conservamos tus datos<\/h2>\n<!-- \/wp:heading -->\n\n<!-- wp:paragraph -->\n<p>Si dejas un comentario, el comentario y sus metadatos se conservan indefinidamente. Esto es para que podamos reconocer y aprobar comentarios sucesivos autom\u00e1ticamente en lugar de mantenerlos en una cola de moderaci\u00f3n.<\/p>\n<!-- \/wp:paragraph -->\n\n<!-- wp:paragraph -->\n<p>De los usuarios que se registran en nuestra web (si los hay), tambi\u00e9n almacenamos la informaci\u00f3n personal que proporcionan en su perfil de usuario. Todos los usuarios pueden ver, editar o eliminar su informaci\u00f3n personal en cualquier momento (excepto que no pueden cambiar su nombre de usuario). Los administradores de la web tambi\u00e9n pueden ver y editar esa informaci\u00f3n.<\/p>\n<!-- \/wp:paragraph -->\n\n<!-- wp:heading -->\n<h2>Qu\u00e9 derechos tienes sobre tus datos<\/h2>\n<!-- \/wp:heading -->\n\n<!-- wp:paragraph -->\n<p>Si tienes una cuenta o has dejado comentarios en esta web, puedes solicitar recibir un archivo de exportaci\u00f3n de los datos personales que tenemos sobre ti, incluyendo cualquier dato que nos hayas proporcionado. Tambi\u00e9n puedes solicitar que eliminemos cualquier dato personal que tengamos sobre ti. Esto no incluye ning\u00fan dato que estemos obligados a conservar con fines administrativos, legales o de seguridad.<\/p>\n<!-- \/wp:paragraph -->\n\n<!-- wp:heading -->\n<h2>D\u00f3nde enviamos tus datos<\/h2>\n<!-- \/wp:heading -->\n\n<!-- wp:paragraph -->\n<p>Los comentarios de los visitantes puede que los revise un servicio de detecci\u00f3n autom\u00e1tica de spam.<\/p>\n<!-- \/wp:paragraph -->\n\n<!-- wp:heading -->\n<h2>Tu informaci\u00f3n de contacto<\/h2>\n<!-- \/wp:heading -->\n\n<!-- wp:heading -->\n<h2>Informaci\u00f3n adicional<\/h2>\n<!-- \/wp:heading -->\n\n<!-- wp:heading {\"level\":3} -->\n<h3>C\u00f3mo protegemos tus datos<\/h3>\n<!-- \/wp:heading -->\n\n<!-- wp:heading {\"level\":3} -->\n<h3>Qu\u00e9 procedimientos utilizamos contra las brechas de datos<\/h3>\n<!-- \/wp:heading -->\n\n<!-- wp:heading {\"level\":3} -->\n<h3>De qu\u00e9 terceros recibimos datos<\/h3>\n<!-- \/wp:heading -->\n\n<!-- wp:heading {\"level\":3} -->\n<h3>Qu\u00e9 tipo de toma de decisiones automatizada y\/o perfilado hacemos con los datos del usuario<\/h3>\n<!-- \/wp:heading -->\n\n<!-- wp:heading {\"level\":3} -->\n<h3>Requerimientos regulatorios de revelaci\u00f3n de informaci\u00f3n del sector<\/h3>\n<!-- \/wp:heading -->","_et_gb_content_width":"","footnotes":""},"folder":[],"class_list":["post-2101","page","type-page","status-publish","hentry"],"_links":{"self":[{"href":"https:\/\/caminodelcorazon.church\/web\/wp-json\/wp\/v2\/pages\/2101","targetHints":{"allow":["GET"]}}],"collection":[{"href":"https:\/\/caminodelcorazon.church\/web\/wp-json\/wp\/v2\/pages"}],"about":[{"href":"https:\/\/caminodelcorazon.church\/web\/wp-json\/wp\/v2\/types\/page"}],"author":[{"embeddable":true,"href":"https:\/\/caminodelcorazon.church\/web\/wp-json\/wp\/v2\/users\/1"}],"replies":[{"embeddable":true,"href":"https:\/\/caminodelcorazon.church\/web\/wp-json\/wp\/v2\/comments?post=2101"}],"version-history":[{"count":4,"href":"https:\/\/caminodelcorazon.church\/web\/wp-json\/wp\/v2\/pages\/2101\/revisions"}],"predecessor-version":[{"id":2262,"href":"https:\/\/caminodelcorazon.church\/web\/wp-json\/wp\/v2\/pages\/2101\/revisions\/2262"}],"wp:attachment":[{"href":"https:\/\/caminodelcorazon.church\/web\/wp-json\/wp\/v2\/media?parent=2101"}],"wp:term":[{"taxonomy":"folder","embeddable":true,"href":"https:\/\/caminodelcorazon.church\/web\/wp-json\/wp\/v2\/folder?post=2101"}],"curies":[{"name":"wp","href":"https:\/\/api.w.org\/{rel}","templated":true}]}}