{"id":1873,"date":"2019-09-06T10:03:05","date_gmt":"2019-09-06T15:03:05","guid":{"rendered":"https:\/\/caminodelcorazon.church\/web\/?page_id=1873"},"modified":"2019-10-25T08:10:20","modified_gmt":"2019-10-25T13:10:20","slug":"esquema-para-orientar-este-paso","status":"publish","type":"page","link":"https:\/\/caminodelcorazon.church\/web\/esquema-para-orientar-este-paso\/","title":{"rendered":"Esquema para orientar este paso"},"content":{"rendered":"<p>[et_pb_section fb_built=\u00bb1&#8243; _builder_version=\u00bb4.0.3&#8243; background_image=\u00bbhttps:\/\/caminodelcorazon.church\/web\/wp-content\/uploads\/2019\/08\/paso1.jpg\u00bb background_position=\u00bbtop_left\u00bb custom_padding=\u00bb29px||2px|||\u00bb hover_enabled=\u00bb0&#8243; background_color_phone=\u00bb#ffffff\u00bb background_last_edited=\u00bbon|phone\u00bb background_enable_color_phone=\u00bbon\u00bb background_enable_image_phone=\u00bbon\u00bb background_image_phone=\u00bbhttps:\/\/caminodelcorazon.church\/web\/wp-content\/uploads\/2019\/10\/Plantilla-del-papa-1.jpg\u00bb][et_pb_row _builder_version=\u00bb3.29.3&#8243; custom_padding=\u00bb0px||0px|||\u00bb][et_pb_column type=\u00bb4_4&#8243; _builder_version=\u00bb3.29.3&#8243; custom_padding=\u00bb8px|0px|2px|0px|false|false\u00bb][et_pb_text _builder_version=\u00bb3.29.3&#8243; use_background_color_gradient=\u00bbon\u00bb background_color_gradient_start=\u00bb#e09900&#8243; background_color_gradient_end=\u00bb#ffffff\u00bb background_color_gradient_type=\u00bbradial\u00bb background_image=\u00bbhttps:\/\/caminodelcorazon.church\/web\/wp-content\/uploads\/2019\/10\/Barra-titulos.jpeg\u00bb custom_margin=\u00bb0px|0px|0px|0px|false|false\u00bb custom_padding=\u00bb5px|0px|0px|0px|false|false\u00bb]<\/p>\n<h3 style=\"text-align: center;\"><strong>Esquema Para Orientar el Paso<\/strong><\/h3>\n<p>[\/et_pb_text][\/et_pb_column][\/et_pb_row][et_pb_row column_structure=\u00bb1_4,3_4&#8243; _builder_version=\u00bb4.0.3&#8243; custom_padding=\u00bb5px||0px||false|false\u00bb hover_enabled=\u00bb0&#8243;][et_pb_column type=\u00bb1_4&#8243; _builder_version=\u00bb3.26.3&#8243;][et_pb_text _builder_version=\u00bb4.0.3&#8243; custom_padding=\u00bb0px||||false|false\u00bb hover_enabled=\u00bb0&#8243;]<\/p>\n<p style=\"text-align: left;\">Este <strong>Esquema Para Orientar el Paso<\/strong> 1 te ayuda a entrar en este Camino Espiritual. Hazte la siguiente pregunta:<\/p>\n<p style=\"text-align: left;\">\u00bfQu\u00e9 es el amor?<\/p>\n<p>[\/et_pb_text][\/et_pb_column][et_pb_column type=\u00bb3_4&#8243; _builder_version=\u00bb3.26.3&#8243;][et_pb_video src=\u00bbhttps:\/\/caminodelcorazon.church\/web\/wp-content\/uploads\/2019\/07\/PASO-1-VIDEO-1-ESQUEMA-PARA-ORIENTAR-EL-PASO.mp4&#8243; image_src=\u00bbhttps:\/\/caminodelcorazon.church\/web\/wp-content\/uploads\/2019\/09\/9.png\u00bb thumbnail_overlay_color=\u00bbrgba(0,0,0,0.6)\u00bb _builder_version=\u00bb3.27.4&#8243;][\/et_pb_video][\/et_pb_column][\/et_pb_row][et_pb_row column_structure=\u00bb1_4,3_4&#8243; _builder_version=\u00bb3.27.3&#8243; custom_padding=\u00bb12px||9px|||\u00bb][et_pb_column type=\u00bb1_4&#8243; _builder_version=\u00bb3.27.3&#8243;][\/et_pb_column][et_pb_column type=\u00bb3_4&#8243; _builder_version=\u00bb3.27.3&#8243;][et_pb_text _builder_version=\u00bb3.29.3&#8243;]<\/p>\n<p style=\"text-align: left;\"><span style=\"font-size: 14px; text-align: left;\">Despu\u00e9s de analizar el Momento 1. <strong>Esquema Para Orientar el Paso<\/strong>, ya est\u00e1s en capacidad de reconocer lo que esperamos de ti al finalizar el recorrido de los 9 momentos en este Camino espiritual. Ahora, contin\u00faa con el Momento 2. Marco Referencial.<\/span><\/p>\n<p>[\/et_pb_text][\/et_pb_column][\/et_pb_row][et_pb_row column_structure=\u00bb1_4,1_4,1_4,1_4&#8243; _builder_version=\u00bb3.29.3&#8243;][et_pb_column type=\u00bb1_4&#8243; _builder_version=\u00bb3.29.3&#8243;][\/et_pb_column][et_pb_column type=\u00bb1_4&#8243; _builder_version=\u00bb3.29.3&#8243;][et_pb_text _builder_version=\u00bb4.0.3&#8243;]<\/p>\n<p style=\"text-align: left;\"><strong>Descarga el material:<\/strong><\/p>\n<p>[\/et_pb_text][\/et_pb_column][et_pb_column type=\u00bb1_4&#8243; _builder_version=\u00bb3.29.3&#8243;][et_pb_button button_url=\u00bbhttps:\/\/caminodelcorazon.church\/web\/wp-content\/uploads\/2019\/09\/Palabras-del-papa.pdfhttps:\/\/caminodelcorazon.church\/web\/wp-content\/uploads\/2019\/09\/Texto1_Paso1.pdf\u00bb url_new_window=\u00bbon\u00bb button_text=\u00bbDescarga texto\u00bb button_alignment=\u00bbcenter\u00bb _builder_version=\u00bb3.29.3&#8243; custom_button=\u00bbon\u00bb button_text_size=\u00bb15px\u00bb button_text_color=\u00bb#000000&#8243; button_bg_color=\u00bbrgba(224,153,0,0.7)\u00bb button_border_width=\u00bb0px\u00bb button_border_color=\u00bbrgba(0,0,0,0)\u00bb button_border_radius=\u00bb10px\u00bb button_icon=\u00bb%%210%%\u00bb button_icon_color=\u00bb#000000&#8243; button_icon_placement=\u00bbleft\u00bb custom_margin=\u00bb||11px|||\u00bb animation_style=\u00bbfade\u00bb][\/et_pb_button][et_pb_text _builder_version=\u00bb3.29.3&#8243;]<\/p>\n<p style=\"text-align: center;\">Esquema Para Orientar el Paso<\/p>\n<p>[\/et_pb_text][\/et_pb_column][et_pb_column type=\u00bb1_4&#8243; _builder_version=\u00bb3.29.3&#8243;][et_pb_button button_url=\u00bbhttps:\/\/caminodelcorazon.church\/web\/wp-content\/uploads\/2019\/09\/AUDIO-1-ESQUEMA-PARA-ORIENTAR-EL-PASO.mp3&#8243; url_new_window=\u00bbon\u00bb button_text=\u00bbDescarga audio\u00bb button_alignment=\u00bbcenter\u00bb _builder_version=\u00bb3.29.3&#8243; custom_button=\u00bbon\u00bb button_text_size=\u00bb15px\u00bb button_text_color=\u00bb#000000&#8243; button_bg_color=\u00bbrgba(224,153,0,0.7)\u00bb button_border_width=\u00bb0px\u00bb button_border_color=\u00bbrgba(0,0,0,0)\u00bb button_border_radius=\u00bb10px\u00bb button_icon=\u00bb%%262%%\u00bb button_icon_color=\u00bb#000000&#8243; button_icon_placement=\u00bbleft\u00bb custom_margin=\u00bb||11px|||\u00bb animation_style=\u00bbfade\u00bb][\/et_pb_button][et_pb_text _builder_version=\u00bb3.29.3&#8243;]<\/p>\n<p style=\"text-align: center;\">Esquema Para Orientar el Paso<\/p>\n<p>[\/et_pb_text][\/et_pb_column][\/et_pb_row][et_pb_row column_structure=\u00bb1_2,1_2&#8243; _builder_version=\u00bb4.0.3&#8243;][et_pb_column type=\u00bb1_2&#8243; _builder_version=\u00bb4.0.3&#8243;][\/et_pb_column][et_pb_column type=\u00bb1_2&#8243; _builder_version=\u00bb4.0.3&#8243;][et_pb_button button_url=\u00bbhttps:\/\/caminodelcorazon.church\/web\/marco-referencial-del-paso-1\/\u00bb button_text=\u00bb2 \u00bfQu\u00e9 es Marco Referencial?\u00bb button_alignment=\u00bbcenter\u00bb _builder_version=\u00bb3.29.3&#8243; custom_button=\u00bbon\u00bb button_text_size=\u00bb15px\u00bb button_text_color=\u00bb#ffffff\u00bb button_bg_color=\u00bb#e02b20&#8243; button_border_width=\u00bb0px\u00bb button_border_color=\u00bbrgba(0,0,0,0)\u00bb button_border_radius=\u00bb10px\u00bb button_font=\u00bb|700|||||||\u00bb button_icon=\u00bb%%198%%\u00bb button_on_hover=\u00bboff\u00bb background_layout=\u00bbdark\u00bb animation_style=\u00bbfade\u00bb][\/et_pb_button][\/et_pb_column][\/et_pb_row][\/et_pb_section][et_pb_section fb_built=\u00bb1&#8243; _builder_version=\u00bb3.29.3&#8243; background_color=\u00bb#000000&#8243; custom_padding=\u00bb0px||0px|||\u00bb][et_pb_row column_structure=\u00bb1_3,1_3,1_3&#8243; _builder_version=\u00bb3.29.3&#8243; custom_padding=\u00bb4px||12px|||\u00bb][et_pb_column type=\u00bb1_3&#8243; _builder_version=\u00bb3.29.3&#8243;][et_pb_button button_url=\u00bbhttps:\/\/caminodelcorazon.church\/web\/paso-1\/\u00bb button_text=\u00bbIntroductorio\u00bb button_alignment=\u00bbcenter\u00bb _builder_version=\u00bb3.29.3&#8243; custom_button=\u00bbon\u00bb button_text_size=\u00bb15px\u00bb button_text_color=\u00bb#e09900&#8243; button_bg_color=\u00bbrgba(0,0,0,0)\u00bb button_border_width=\u00bb0px\u00bb button_border_color=\u00bbrgba(0,0,0,0)\u00bb button_border_radius=\u00bb10px\u00bb button_icon=\u00bb%%197%%\u00bb button_icon_placement=\u00bbleft\u00bb button_on_hover=\u00bboff\u00bb animation_style=\u00bbfade\u00bb][\/et_pb_button][\/et_pb_column][et_pb_column type=\u00bb1_3&#8243; _builder_version=\u00bb3.29.3&#8243;][et_pb_button button_url=\u00bb#\u00bb button_text=\u00bb1 Orientar el Paso\u00bb button_alignment=\u00bbcenter\u00bb _builder_version=\u00bb3.29.3&#8243; custom_button=\u00bbon\u00bb button_text_size=\u00bb15px\u00bb button_text_color=\u00bb#ffffff\u00bb button_bg_color=\u00bbrgba(0,0,0,0)\u00bb button_border_width=\u00bb0px\u00bb button_border_color=\u00bbrgba(0,0,0,0)\u00bb button_border_radius=\u00bb10px\u00bb button_use_icon=\u00bboff\u00bb animation_style=\u00bbfade\u00bb][\/et_pb_button][\/et_pb_column][et_pb_column type=\u00bb1_3&#8243; _builder_version=\u00bb3.29.3&#8243;][et_pb_button button_url=\u00bbhttps:\/\/caminodelcorazon.church\/web\/marco-referencial-del-paso-1\/\u00bb button_text=\u00bb2 Marco Referencial\u00bb button_alignment=\u00bbcenter\u00bb _builder_version=\u00bb3.29.3&#8243; custom_button=\u00bbon\u00bb button_text_size=\u00bb15px\u00bb button_text_color=\u00bb#0c71c3&#8243; button_bg_color=\u00bbrgba(0,0,0,0)\u00bb button_border_width=\u00bb0px\u00bb button_border_color=\u00bbrgba(0,0,0,0)\u00bb button_border_radius=\u00bb10px\u00bb button_icon=\u00bb%%198%%\u00bb button_on_hover=\u00bboff\u00bb animation_style=\u00bbfade\u00bb][\/et_pb_button][\/et_pb_column][\/et_pb_row][\/et_pb_section]<\/p>\n","protected":false},"excerpt":{"rendered":"<p>Esquema Para Orientar el PasoEste Esquema Para Orientar el Paso 1 te ayuda a entrar en este Camino Espiritual. Hazte la siguiente pregunta: \u00bfQu\u00e9 es el amor?Despu\u00e9s de analizar el Momento 1. Esquema Para Orientar el Paso, ya est\u00e1s en capacidad de reconocer lo que esperamos de ti al finalizar el recorrido de los 9 [&hellip;]<\/p>\n","protected":false},"author":1,"featured_media":0,"parent":0,"menu_order":0,"comment_status":"closed","ping_status":"closed","template":"","meta":{"_et_pb_use_builder":"on","_et_pb_old_content":"","_et_gb_content_width":"","footnotes":""},"folder":[],"class_list":["post-1873","page","type-page","status-publish","hentry"],"_links":{"self":[{"href":"https:\/\/caminodelcorazon.church\/web\/wp-json\/wp\/v2\/pages\/1873","targetHints":{"allow":["GET"]}}],"collection":[{"href":"https:\/\/caminodelcorazon.church\/web\/wp-json\/wp\/v2\/pages"}],"about":[{"href":"https:\/\/caminodelcorazon.church\/web\/wp-json\/wp\/v2\/types\/page"}],"author":[{"embeddable":true,"href":"https:\/\/caminodelcorazon.church\/web\/wp-json\/wp\/v2\/users\/1"}],"replies":[{"embeddable":true,"href":"https:\/\/caminodelcorazon.church\/web\/wp-json\/wp\/v2\/comments?post=1873"}],"version-history":[{"count":36,"href":"https:\/\/caminodelcorazon.church\/web\/wp-json\/wp\/v2\/pages\/1873\/revisions"}],"predecessor-version":[{"id":3767,"href":"https:\/\/caminodelcorazon.church\/web\/wp-json\/wp\/v2\/pages\/1873\/revisions\/3767"}],"wp:attachment":[{"href":"https:\/\/caminodelcorazon.church\/web\/wp-json\/wp\/v2\/media?parent=1873"}],"wp:term":[{"taxonomy":"folder","embeddable":true,"href":"https:\/\/caminodelcorazon.church\/web\/wp-json\/wp\/v2\/folder?post=1873"}],"curies":[{"name":"wp","href":"https:\/\/api.w.org\/{rel}","templated":true}]}}