{"id":1011,"date":"2019-08-08T18:05:55","date_gmt":"2019-08-08T23:05:55","guid":{"rendered":"https:\/\/caminodelcorazon.church\/web\/?page_id=1011"},"modified":"2019-10-25T08:02:04","modified_gmt":"2019-10-25T13:02:04","slug":"resonancia-afectiva","status":"publish","type":"page","link":"https:\/\/caminodelcorazon.church\/web\/resonancia-afectiva\/","title":{"rendered":"Resonancia Afectiva"},"content":{"rendered":"<p>[et_pb_section fb_built=\u00bb1&#8243; _builder_version=\u00bb4.0.3&#8243; background_image=\u00bbhttps:\/\/caminodelcorazon.church\/web\/wp-content\/uploads\/2019\/08\/intro2.jpg\u00bb background_position=\u00bbtop_left\u00bb custom_padding=\u00bb30px||11px|||\u00bb hover_enabled=\u00bb0&#8243; background_last_edited=\u00bbon|phone\u00bb background_enable_image_phone=\u00bbon\u00bb background_image_phone=\u00bbhttps:\/\/caminodelcorazon.church\/web\/wp-content\/uploads\/2019\/10\/chica.jpg\u00bb][et_pb_row _builder_version=\u00bb3.29.3&#8243; custom_padding=\u00bb0px||0px|||\u00bb][et_pb_column type=\u00bb4_4&#8243; _builder_version=\u00bb3.29.3&#8243; custom_padding=\u00bb8px|0px|2px|0px|false|false\u00bb][et_pb_text _builder_version=\u00bb3.29.3&#8243; use_background_color_gradient=\u00bbon\u00bb background_color_gradient_start=\u00bb#e09900&#8243; background_color_gradient_end=\u00bb#ffffff\u00bb background_color_gradient_type=\u00bbradial\u00bb background_image=\u00bbhttps:\/\/caminodelcorazon.church\/web\/wp-content\/uploads\/2019\/10\/Barra-titulos.jpeg\u00bb custom_margin=\u00bb0px|0px|0px|0px|false|false\u00bb custom_padding=\u00bb5px|0px|0px|0px|false|false\u00bb]<\/p>\n<h3 style=\"text-align: center;\"><strong><span>\u200bMomento 8. Qu\u00e9 es Resonancia Afectiva<\/span><\/strong><\/h3>\n<p>[\/et_pb_text][\/et_pb_column][\/et_pb_row][et_pb_row column_structure=\u00bb1_4,3_4&#8243; _builder_version=\u00bb4.0.3&#8243; custom_padding=\u00bb5px||||false|false\u00bb hover_enabled=\u00bb0&#8243;][et_pb_column type=\u00bb1_4&#8243; _builder_version=\u00bb3.26.3&#8243;][et_pb_text _builder_version=\u00bb4.0.3&#8243; custom_padding=\u00bb0px||||false|false\u00bb hover_enabled=\u00bb0&#8243;]<\/p>\n<p style=\"text-align: left;\">En el<span>\u00a0<\/span><span>Momento 8. <strong>Resonancia Afectiva<\/strong><\/span>, llegas al final del recorrido en esta introducci\u00f3n al itinerario del <strong>Camino del Coraz\u00f3n. <\/strong><\/p>\n<p style=\"text-align: left;\">Para finalizar, te invitamos a escuchar la resonancia afectiva que hay en tu interior.<\/p>\n<div id=\"Stage_Txt_Text4\" class=\"Stage_Txt_Text4_id\"><\/div>\n<p>[\/et_pb_text][\/et_pb_column][et_pb_column type=\u00bb3_4&#8243; _builder_version=\u00bb3.26.3&#8243;][et_pb_audio audio=\u00bbhttps:\/\/caminodelcorazon.church\/web\/wp-content\/uploads\/2019\/09\/L2A10.mp3&#8243; title=\u00bbResonancia Afectiva\u00bb _builder_version=\u00bb3.29.3&#8243;][\/et_pb_audio][et_pb_text _builder_version=\u00bb3.29.3&#8243;]<\/p>\n<p>Antes de que veas y escuches los ejercicios que debes hacer en el\u00a0Momento 8. <strong>Resonancia \u200bAfectiva<\/strong>, ten presente:<\/p>\n<div id=\"Stage_Txt_Text4\" class=\"Stage_Txt_Text4_id\">\n<p>\u200b\u200bLa relectura es un ejercicio que compromete tu afectividad que es una dimensi\u00f3n importante a tener en cuenta en tu relaci\u00f3n con el Se\u00f1or.<\/p>\n<p>\u200b\u200bPresta mucha atenci\u00f3n a las instrucciones que sugiere el audio y no olvides realizar el ejercicio propuesto, es el tramo final y un momento clave.<\/p>\n<\/div>\n<p>[\/et_pb_text][\/et_pb_column][\/et_pb_row][et_pb_row column_structure=\u00bb1_4,1_4,1_4,1_4&#8243; _builder_version=\u00bb3.27.3&#8243;][et_pb_column type=\u00bb1_4&#8243; _builder_version=\u00bb3.27.3&#8243;][\/et_pb_column][et_pb_column type=\u00bb1_4&#8243; _builder_version=\u00bb3.27.3&#8243;][et_pb_text _builder_version=\u00bb4.0.3&#8243;]<\/p>\n<p style=\"text-align: left;\"><strong>Descarga el material:<\/strong><\/p>\n<p>[\/et_pb_text][\/et_pb_column][et_pb_column type=\u00bb1_4&#8243; _builder_version=\u00bb3.27.3&#8243;][et_pb_button button_url=\u00bbhttps:\/\/caminodelcorazon.church\/web\/wp-content\/uploads\/2019\/09\/DC_LibroIntro2_ResonanciaAfectiva.pdf\u00bb url_new_window=\u00bbon\u00bb button_text=\u00bbDescarga texto\u00bb button_alignment=\u00bbcenter\u00bb _builder_version=\u00bb3.29.3&#8243; custom_button=\u00bbon\u00bb button_text_size=\u00bb15px\u00bb button_text_color=\u00bb#000000&#8243; button_bg_color=\u00bbrgba(224,153,0,0.7)\u00bb button_border_width=\u00bb0px\u00bb button_border_color=\u00bbrgba(0,0,0,0)\u00bb button_border_radius=\u00bb10px\u00bb button_icon=\u00bb%%210%%\u00bb button_icon_color=\u00bb#000000&#8243; button_icon_placement=\u00bbleft\u00bb custom_margin=\u00bb||6px|||\u00bb animation_style=\u00bbfade\u00bb][\/et_pb_button][et_pb_text _builder_version=\u00bb3.29.3&#8243;]<\/p>\n<p style=\"text-align: center;\">Resonancia Afectiva<\/p>\n<p>[\/et_pb_text][\/et_pb_column][et_pb_column type=\u00bb1_4&#8243; _builder_version=\u00bb3.27.3&#8243;][et_pb_button button_url=\u00bbhttps:\/\/caminodelcorazon.church\/web\/wp-content\/uploads\/2019\/09\/L2A10.mp3&#8243; url_new_window=\u00bbon\u00bb button_text=\u00bbDescarga audio\u00bb button_alignment=\u00bbcenter\u00bb _builder_version=\u00bb3.29.3&#8243; custom_button=\u00bbon\u00bb button_text_size=\u00bb15px\u00bb button_text_color=\u00bb#000000&#8243; button_bg_color=\u00bbrgba(224,153,0,0.7)\u00bb button_border_width=\u00bb0px\u00bb button_border_color=\u00bbrgba(0,0,0,0)\u00bb button_border_radius=\u00bb10px\u00bb button_icon=\u00bb%%262%%\u00bb button_icon_color=\u00bb#000000&#8243; button_icon_placement=\u00bbleft\u00bb custom_margin=\u00bb||7px|||\u00bb animation_style=\u00bbfade\u00bb][\/et_pb_button][et_pb_text _builder_version=\u00bb3.29.3&#8243;]<\/p>\n<p style=\"text-align: center;\">Resonancia Afectiva<\/p>\n<p>[\/et_pb_text][\/et_pb_column][\/et_pb_row][et_pb_row column_structure=\u00bb1_2,1_2&#8243; _builder_version=\u00bb4.0.3&#8243;][et_pb_column type=\u00bb1_2&#8243; _builder_version=\u00bb4.0.3&#8243;][\/et_pb_column][et_pb_column type=\u00bb1_2&#8243; _builder_version=\u00bb4.0.3&#8243;][et_pb_button button_url=\u00bbhttps:\/\/caminodelcorazon.church\/web\/conversar-con-jesus\/\u00bb button_text=\u00bbTiempo de Conversar con Jes\u00fas\u00bb button_alignment=\u00bbcenter\u00bb _builder_version=\u00bb3.29.3&#8243; custom_button=\u00bbon\u00bb button_text_size=\u00bb15px\u00bb button_text_color=\u00bb#ffffff\u00bb button_bg_color=\u00bb#e02b20&#8243; button_border_width=\u00bb0px\u00bb button_border_color=\u00bbrgba(0,0,0,0)\u00bb button_border_radius=\u00bb10px\u00bb button_font=\u00bb|700|||||||\u00bb button_icon=\u00bb%%198%%\u00bb button_on_hover=\u00bboff\u00bb animation_style=\u00bbfade\u00bb][\/et_pb_button][\/et_pb_column][\/et_pb_row][\/et_pb_section][et_pb_section fb_built=\u00bb1&#8243; _builder_version=\u00bb3.29.3&#8243; background_color=\u00bb#000000&#8243; custom_padding=\u00bb0px||0px|||\u00bb][et_pb_row column_structure=\u00bb1_6,1_6,1_6,1_6,1_6,1_6&#8243; _builder_version=\u00bb3.29.3&#8243; custom_padding=\u00bb0px||0px|||\u00bb][et_pb_column type=\u00bb1_6&#8243; _builder_version=\u00bb3.29.3&#8243;][et_pb_button button_url=\u00bbhttps:\/\/caminodelcorazon.church\/web\/introduccion-al-itinerario\/\u00bb button_text=\u00bbIntroductorio\u00bb button_alignment=\u00bbcenter\u00bb _builder_version=\u00bb3.29.3&#8243; custom_button=\u00bbon\u00bb button_text_size=\u00bb15px\u00bb button_text_color=\u00bb#e09900&#8243; button_bg_color=\u00bbrgba(0,0,0,0)\u00bb button_border_width=\u00bb0px\u00bb button_border_color=\u00bbrgba(0,0,0,0)\u00bb button_border_radius=\u00bb10px\u00bb button_icon=\u00bb%%197%%\u00bb button_icon_placement=\u00bbleft\u00bb button_on_hover=\u00bboff\u00bb animation_style=\u00bbfade\u00bb][\/et_pb_button][\/et_pb_column][et_pb_column type=\u00bb1_6&#8243; _builder_version=\u00bb3.29.3&#8243;][et_pb_button button_url=\u00bbhttps:\/\/caminodelcorazon.church\/web\/disposicion-inicial\/\u00bb button_text=\u00bb1 Disposici\u00f3n Inicial\u00bb button_alignment=\u00bbcenter\u00bb _builder_version=\u00bb3.29.3&#8243; custom_button=\u00bbon\u00bb button_text_size=\u00bb15px\u00bb button_text_color=\u00bb#e09900&#8243; button_bg_color=\u00bbrgba(0,0,0,0)\u00bb button_border_width=\u00bb0px\u00bb button_border_color=\u00bbrgba(0,0,0,0)\u00bb button_border_radius=\u00bb10px\u00bb button_use_icon=\u00bboff\u00bb animation_style=\u00bbfade\u00bb][\/et_pb_button][\/et_pb_column][et_pb_column type=\u00bb1_6&#8243; _builder_version=\u00bb3.29.3&#8243;][et_pb_button button_url=\u00bbhttps:\/\/caminodelcorazon.church\/web\/dinamica-interna-2\/\u00bb button_text=\u00bb3 Din\u00e1mica Interna\u00bb button_alignment=\u00bbcenter\u00bb _builder_version=\u00bb3.29.3&#8243; custom_button=\u00bbon\u00bb button_text_size=\u00bb15px\u00bb button_text_color=\u00bb#e09900&#8243; button_bg_color=\u00bbrgba(0,0,0,0)\u00bb button_border_width=\u00bb0px\u00bb button_border_color=\u00bbrgba(0,0,0,0)\u00bb button_border_radius=\u00bb10px\u00bb button_use_icon=\u00bboff\u00bb animation_style=\u00bbfade\u00bb][\/et_pb_button][\/et_pb_column][et_pb_column type=\u00bb1_6&#8243; _builder_version=\u00bb3.29.3&#8243;][et_pb_button button_url=\u00bbhttps:\/\/caminodelcorazon.church\/web\/marco-referencial-2\/\u00bb button_text=\u00bb2 Marco Referencial\u00bb button_alignment=\u00bbcenter\u00bb _builder_version=\u00bb3.29.3&#8243; custom_button=\u00bbon\u00bb button_text_size=\u00bb15px\u00bb button_text_color=\u00bb#e09900&#8243; button_bg_color=\u00bbrgba(0,0,0,0)\u00bb button_border_width=\u00bb0px\u00bb button_border_color=\u00bbrgba(0,0,0,0)\u00bb button_border_radius=\u00bb10px\u00bb button_use_icon=\u00bboff\u00bb animation_style=\u00bbfade\u00bb][\/et_pb_button][\/et_pb_column][et_pb_column type=\u00bb1_6&#8243; _builder_version=\u00bb3.29.3&#8243;][et_pb_button button_url=\u00bbhttps:\/\/caminodelcorazon.church\/web\/ejercicio-espiritual\/\u00bb button_text=\u00bb4 Entrada Espiritual\u00bb button_alignment=\u00bbcenter\u00bb _builder_version=\u00bb3.29.3&#8243; custom_button=\u00bbon\u00bb button_text_size=\u00bb15px\u00bb button_text_color=\u00bb#e09900&#8243; button_bg_color=\u00bbrgba(0,0,0,0)\u00bb button_border_width=\u00bb0px\u00bb button_border_color=\u00bbrgba(0,0,0,0)\u00bb button_border_radius=\u00bb10px\u00bb button_use_icon=\u00bboff\u00bb animation_style=\u00bbfade\u00bb][\/et_pb_button][\/et_pb_column][et_pb_column type=\u00bb1_6&#8243; _builder_version=\u00bb3.29.3&#8243;][et_pb_button button_url=\u00bbhttps:\/\/caminodelcorazon.church\/web\/palabras-del-papa\/\u00bb button_text=\u00bb5 Palabras del Papa\u00bb button_alignment=\u00bbcenter\u00bb _builder_version=\u00bb3.29.3&#8243; custom_button=\u00bbon\u00bb button_text_size=\u00bb15px\u00bb button_text_color=\u00bb#e09900&#8243; button_bg_color=\u00bbrgba(0,0,0,0)\u00bb button_border_width=\u00bb0px\u00bb button_border_color=\u00bbrgba(0,0,0,0)\u00bb button_border_radius=\u00bb10px\u00bb button_use_icon=\u00bboff\u00bb animation_style=\u00bbfade\u00bb][\/et_pb_button][\/et_pb_column][\/et_pb_row][et_pb_row column_structure=\u00bb1_6,1_6,1_6,1_6,1_6,1_6&#8243; _builder_version=\u00bb3.29.3&#8243; custom_padding=\u00bb0px||5px|||\u00bb][et_pb_column type=\u00bb1_6&#8243; _builder_version=\u00bb3.29.3&#8243;][et_pb_button button_url=\u00bbhttps:\/\/caminodelcorazon.church\/web\/entrada-espiritual\/\u00bb button_text=\u00bb6  Ejercicio  Espiritual\u00bb button_alignment=\u00bbcenter\u00bb _builder_version=\u00bb3.29.3&#8243; custom_button=\u00bbon\u00bb button_text_size=\u00bb15px\u00bb button_text_color=\u00bb#e09900&#8243; button_bg_color=\u00bbrgba(0,0,0,0)\u00bb button_border_width=\u00bb0px\u00bb button_border_color=\u00bbrgba(0,0,0,0)\u00bb button_border_radius=\u00bb10px\u00bb button_use_icon=\u00bboff\u00bb animation_style=\u00bbfade\u00bb][\/et_pb_button][\/et_pb_column][et_pb_column type=\u00bb1_6&#8243; _builder_version=\u00bb3.29.3&#8243;][et_pb_button button_url=\u00bbhttps:\/\/caminodelcorazon.church\/web\/consejos-practicos\/\u00bb button_text=\u00bb7 Consejos Pr\u00e1cticos\u00bb button_alignment=\u00bbcenter\u00bb _builder_version=\u00bb3.29.3&#8243; custom_button=\u00bbon\u00bb button_text_size=\u00bb15px\u00bb button_text_color=\u00bb#e09900&#8243; button_bg_color=\u00bbrgba(0,0,0,0)\u00bb button_border_width=\u00bb0px\u00bb button_border_color=\u00bbrgba(0,0,0,0)\u00bb button_border_radius=\u00bb10px\u00bb button_use_icon=\u00bboff\u00bb animation_style=\u00bbfade\u00bb][\/et_pb_button][\/et_pb_column][et_pb_column type=\u00bb1_6&#8243; _builder_version=\u00bb3.29.3&#8243;][et_pb_button button_text=\u00bb8 Resonancia Afectiva\u00bb button_alignment=\u00bbcenter\u00bb _builder_version=\u00bb3.29.3&#8243; custom_button=\u00bbon\u00bb button_text_size=\u00bb15px\u00bb button_text_color=\u00bb#ffffff\u00bb button_bg_color=\u00bbrgba(0,0,0,0)\u00bb button_border_width=\u00bb0px\u00bb button_border_color=\u00bbrgba(0,0,0,0)\u00bb button_border_radius=\u00bb10px\u00bb button_use_icon=\u00bboff\u00bb animation_style=\u00bbfade\u00bb][\/et_pb_button][\/et_pb_column][et_pb_column type=\u00bb1_6&#8243; _builder_version=\u00bb3.29.3&#8243;][et_pb_button button_url=\u00bbhttps:\/\/caminodelcorazon.church\/web\/conversar-con-jesus\/\u00bb button_text=\u00bb9 Conversar con Jes\u00fas\u00bb button_alignment=\u00bbcenter\u00bb _builder_version=\u00bb3.29.3&#8243; custom_button=\u00bbon\u00bb button_text_size=\u00bb15px\u00bb button_text_color=\u00bb#0c71c3&#8243; button_bg_color=\u00bbrgba(0,0,0,0)\u00bb button_border_width=\u00bb0px\u00bb button_border_color=\u00bbrgba(0,0,0,0)\u00bb button_border_radius=\u00bb10px\u00bb button_icon=\u00bb%%198%%\u00bb button_on_hover=\u00bboff\u00bb custom_padding=\u00bb||0px|||\u00bb animation_style=\u00bbfade\u00bb][\/et_pb_button][\/et_pb_column][et_pb_column type=\u00bb1_6&#8243; _builder_version=\u00bb3.29.3&#8243;][\/et_pb_column][et_pb_column type=\u00bb1_6&#8243; _builder_version=\u00bb3.29.3&#8243;][\/et_pb_column][\/et_pb_row][\/et_pb_section]<\/p>\n","protected":false},"excerpt":{"rendered":"<p>\u200bMomento 8. Qu\u00e9 es Resonancia AfectivaEn el\u00a0Momento 8. Resonancia Afectiva, llegas al final del recorrido en esta introducci\u00f3n al itinerario del Camino del Coraz\u00f3n. Para finalizar, te invitamos a escuchar la resonancia afectiva que hay en tu interior. Antes de que veas y escuches los ejercicios que debes hacer en el\u00a0Momento 8. Resonancia \u200bAfectiva, ten [&hellip;]<\/p>\n","protected":false},"author":1,"featured_media":0,"parent":0,"menu_order":0,"comment_status":"closed","ping_status":"closed","template":"","meta":{"_et_pb_use_builder":"on","_et_pb_old_content":"","_et_gb_content_width":"","footnotes":""},"folder":[],"class_list":["post-1011","page","type-page","status-publish","hentry"],"_links":{"self":[{"href":"https:\/\/caminodelcorazon.church\/web\/wp-json\/wp\/v2\/pages\/1011","targetHints":{"allow":["GET"]}}],"collection":[{"href":"https:\/\/caminodelcorazon.church\/web\/wp-json\/wp\/v2\/pages"}],"about":[{"href":"https:\/\/caminodelcorazon.church\/web\/wp-json\/wp\/v2\/types\/page"}],"author":[{"embeddable":true,"href":"https:\/\/caminodelcorazon.church\/web\/wp-json\/wp\/v2\/users\/1"}],"replies":[{"embeddable":true,"href":"https:\/\/caminodelcorazon.church\/web\/wp-json\/wp\/v2\/comments?post=1011"}],"version-history":[{"count":36,"href":"https:\/\/caminodelcorazon.church\/web\/wp-json\/wp\/v2\/pages\/1011\/revisions"}],"predecessor-version":[{"id":3756,"href":"https:\/\/caminodelcorazon.church\/web\/wp-json\/wp\/v2\/pages\/1011\/revisions\/3756"}],"wp:attachment":[{"href":"https:\/\/caminodelcorazon.church\/web\/wp-json\/wp\/v2\/media?parent=1011"}],"wp:term":[{"taxonomy":"folder","embeddable":true,"href":"https:\/\/caminodelcorazon.church\/web\/wp-json\/wp\/v2\/folder?post=1011"}],"curies":[{"name":"wp","href":"https:\/\/api.w.org\/{rel}","templated":true}]}}